{"id":470,"date":"2025-03-04T08:42:15","date_gmt":"2025-03-04T08:42:15","guid":{"rendered":"https:\/\/staging.pace.berlin\/events\/?page_id=470"},"modified":"2025-07-28T21:39:03","modified_gmt":"2025-07-28T21:39:03","slug":"veranstaltungen","status":"publish","type":"page","link":"https:\/\/pace.berlin\/events\/veranstaltungen\/","title":{"rendered":"Veranstaltungen"},"content":{"rendered":"\t\t<div data-elementor-type=\"wp-page\" data-elementor-id=\"470\" class=\"elementor elementor-470\" data-elementor-post-type=\"page\">\n\t\t\t\t<div class=\"elementor-element elementor-element-ca938b7 e-grid e-con-boxed e-con e-parent\" data-id=\"ca938b7\" data-element_type=\"container\" data-e-type=\"container\">\n\t\t\t\t\t<div class=\"e-con-inner\">\n\t\t\t\t<div class=\"elementor-element elementor-element-2f0252c elementor-widget elementor-widget-heading\" data-id=\"2f0252c\" data-element_type=\"widget\" data-e-type=\"widget\" data-widget_type=\"heading.default\">\n\t\t\t\t<div class=\"elementor-widget-container\">\n\t\t\t\t\t<h1 class=\"elementor-heading-title elementor-size-default\">Unser Part in der party<\/h1>\t\t\t\t<\/div>\n\t\t\t\t<\/div>\n\t\t\t\t\t<\/div>\n\t\t\t\t<\/div>\n\t\t<div class=\"elementor-element elementor-element-4f14e44 e-grid e-con-full e-con e-parent\" data-id=\"4f14e44\" data-element_type=\"container\" data-e-type=\"container\">\n\t\t\t\t<div class=\"elementor-element elementor-element-f736f97 elementor-grid-3 elementor-grid-tablet-2 elementor-grid-mobile-1 elementor-widget elementor-widget-portfolio\" data-id=\"f736f97\" data-element_type=\"widget\" data-e-type=\"widget\" data-settings=\"{&quot;masonry&quot;:&quot;yes&quot;,&quot;columns&quot;:&quot;3&quot;,&quot;columns_tablet&quot;:&quot;2&quot;,&quot;columns_mobile&quot;:&quot;1&quot;,&quot;item_gap&quot;:{&quot;unit&quot;:&quot;px&quot;,&quot;size&quot;:&quot;&quot;,&quot;sizes&quot;:[]},&quot;row_gap&quot;:{&quot;unit&quot;:&quot;px&quot;,&quot;size&quot;:&quot;&quot;,&quot;sizes&quot;:[]}}\" data-widget_type=\"portfolio.default\">\n\t\t\t\t<div class=\"elementor-widget-container\">\n\t\t\t\t\t\t\t<ul class=\"elementor-portfolio__filters\">\n\t\t\t<li class=\"elementor-portfolio__filter elementor-active\" tabindex=\"0\" data-filter=\"__all\">Alle<\/li>\n\t\t\t\t\t\t\t<li class=\"elementor-portfolio__filter\" tabindex=\"0\" data-filter=\"15\">F\u00fcr Mitarbeitende<\/li>\n\t\t\t\t\t\t\t<li class=\"elementor-portfolio__filter\" tabindex=\"0\" data-filter=\"19\">Get-together<\/li>\n\t\t\t\t\t\t\t<li class=\"elementor-portfolio__filter\" tabindex=\"0\" data-filter=\"22\">Konferenz<\/li>\n\t\t\t\t\t\t\t<li class=\"elementor-portfolio__filter\" tabindex=\"0\" data-filter=\"18\">Messe<\/li>\n\t\t\t\t\t\t\t<li class=\"elementor-portfolio__filter\" tabindex=\"0\" data-filter=\"13\">Veranstaltungen<\/li>\n\t\t\t\t\t\t\t<li class=\"elementor-portfolio__filter\" tabindex=\"0\" data-filter=\"16\">Verleihung<\/li>\n\t\t\t\t\t<\/ul>\n\t\t\t\t<div class=\"elementor-portfolio elementor-grid elementor-posts-container\" role=\"list\">\n\t\t\t\t<article class=\"elementor-portfolio-item elementor-post elementor-filter-15 elementor-filter-13 post-2848 page type-page status-publish has-post-thumbnail hentry category-fuer-mitarbeitende category-veranstaltungen\" role=\"listitem\">\n\t\t\t<a class=\"elementor-post__thumbnail__link\" href=\"https:\/\/pace.berlin\/events\/veranstaltungen\/media-techcon\/\">\n\t\t\t\t<div class=\"elementor-portfolio-item__img elementor-post__thumbnail\">\n\t\t\t<img loading=\"lazy\" decoding=\"async\" width=\"768\" height=\"768\" src=\"https:\/\/pace.berlin\/app\/uploads\/2025\/08\/AS-MTC-24_by_www.introduce.berlin__E0A7842-768x768.jpg\" class=\"attachment-tile-cropped size-tile-cropped wp-image-2869\" alt=\"PACE events Drei Personen unterhalten sich an einem Stand auf einer Technologiekonferenz mit Brosch\u00fcren, Markenh\u00fcten und einem gro\u00dfen Bildschirm mit der Aufschrift &quot;Unsere Mission: Wir helfen Unternehmen.&quot; Eine Person steht hinter dem Stand und l\u00e4chelt zwei Teilnehmerinnen an.\" srcset=\"https:\/\/pace.berlin\/app\/uploads\/2025\/08\/AS-MTC-24_by_www.introduce.berlin__E0A7842-768x768.jpg 768w, https:\/\/pace.berlin\/app\/uploads\/2025\/08\/AS-MTC-24_by_www.introduce.berlin__E0A7842-150x150.jpg 150w, https:\/\/pace.berlin\/app\/uploads\/2025\/08\/AS-MTC-24_by_www.introduce.berlin__E0A7842-300x300.jpg 300w\" sizes=\"auto, (max-width: 768px) 100vw, 768px\" \/>\t\t<\/div>\n\t\t\t\t<div class=\"elementor-portfolio-item__overlay\">\n\t\t\t\t<h3 class=\"elementor-portfolio-item__title\">\n\t\tMEDIA &amp; TECHCON\t\t<\/h3>\n\t\t\t\t<\/div>\n\t\t\t\t<\/a>\n\t\t<\/article>\n\t\t\t\t<article class=\"elementor-portfolio-item elementor-post elementor-filter-22 elementor-filter-13 post-2830 page type-page status-publish has-post-thumbnail hentry category-konferenz category-veranstaltungen\" role=\"listitem\">\n\t\t\t<a class=\"elementor-post__thumbnail__link\" href=\"https:\/\/pace.berlin\/events\/veranstaltungen\/weltwirtschaftsgipfel\/\">\n\t\t\t\t<div class=\"elementor-portfolio-item__img elementor-post__thumbnail\">\n\t\t\t<img loading=\"lazy\" decoding=\"async\" width=\"768\" height=\"768\" src=\"https:\/\/pace.berlin\/app\/uploads\/2025\/08\/weltwirtschaftsgipfel05-768x768.jpg\" class=\"attachment-tile-cropped size-tile-cropped wp-image-2834\" alt=\"PACE events Ein gro\u00dfer Konferenzraum mit vielen Menschen in Anz\u00fcgen, die um einen runden Tisch sitzen und auf eine B\u00fchne blicken, auf der Redner vor einem gro\u00dfen Bildschirm mit der Aufschrift &quot;WELT Wirtschaftsgipfel&quot; pr\u00e4sentieren.\" srcset=\"https:\/\/pace.berlin\/app\/uploads\/2025\/08\/weltwirtschaftsgipfel05-768x768.jpg 768w, https:\/\/pace.berlin\/app\/uploads\/2025\/08\/weltwirtschaftsgipfel05-150x150.jpg 150w, https:\/\/pace.berlin\/app\/uploads\/2025\/08\/weltwirtschaftsgipfel05-300x300.jpg 300w\" sizes=\"auto, (max-width: 768px) 100vw, 768px\" \/>\t\t<\/div>\n\t\t\t\t<div class=\"elementor-portfolio-item__overlay\">\n\t\t\t\t<h3 class=\"elementor-portfolio-item__title\">\n\t\tWELT-Wirtschaftsgipfel\t\t<\/h3>\n\t\t\t\t<\/div>\n\t\t\t\t<\/a>\n\t\t<\/article>\n\t\t\t\t<article class=\"elementor-portfolio-item elementor-post elementor-filter-22 elementor-filter-13 post-2804 page type-page status-publish has-post-thumbnail hentry category-konferenz category-veranstaltungen\" role=\"listitem\">\n\t\t\t<a class=\"elementor-post__thumbnail__link\" href=\"https:\/\/pace.berlin\/events\/veranstaltungen\/startup-teens\/\">\n\t\t\t\t<div class=\"elementor-portfolio-item__img elementor-post__thumbnail\">\n\t\t\t<img loading=\"lazy\" decoding=\"async\" width=\"768\" height=\"768\" src=\"https:\/\/pace.berlin\/app\/uploads\/2025\/08\/startup-teens01-768x768.jpg\" class=\"attachment-tile-cropped size-tile-cropped wp-image-2821\" alt=\"PACE events Eine Person h\u00e4lt eine Troph\u00e4e mit der Aufschrift STARTUP TEENS. Auf dem Sockel steht STARTUP TEENS FINALE 2024 1. Platz Bildung. Die Buchstaben der Troph\u00e4e sind schwarz und blau, und die Person hat lackierte N\u00e4gel und ein Tattoo am Handgelenk.\" srcset=\"https:\/\/pace.berlin\/app\/uploads\/2025\/08\/startup-teens01-768x768.jpg 768w, https:\/\/pace.berlin\/app\/uploads\/2025\/08\/startup-teens01-150x150.jpg 150w, https:\/\/pace.berlin\/app\/uploads\/2025\/08\/startup-teens01-300x300.jpg 300w\" sizes=\"auto, (max-width: 768px) 100vw, 768px\" \/>\t\t<\/div>\n\t\t\t\t<div class=\"elementor-portfolio-item__overlay\">\n\t\t\t\t<h3 class=\"elementor-portfolio-item__title\">\n\t\tSTARTUP TEENS\t\t<\/h3>\n\t\t\t\t<\/div>\n\t\t\t\t<\/a>\n\t\t<\/article>\n\t\t\t\t<article class=\"elementor-portfolio-item elementor-post elementor-filter-15 elementor-filter-13 post-2435 page type-page status-publish has-post-thumbnail hentry category-fuer-mitarbeitende category-veranstaltungen\" role=\"listitem\">\n\t\t\t<a class=\"elementor-post__thumbnail__link\" href=\"https:\/\/pace.berlin\/events\/veranstaltungen\/afestival\/\">\n\t\t\t\t<div class=\"elementor-portfolio-item__img elementor-post__thumbnail\">\n\t\t\t<img loading=\"lazy\" decoding=\"async\" width=\"768\" height=\"768\" src=\"https:\/\/pace.berlin\/app\/uploads\/2025\/07\/AS-Festival_by_www.introduce.berlin_dominik-tryba_MB1_5024-768x768.jpg\" class=\"attachment-tile-cropped size-tile-cropped wp-image-2448\" alt=\"PACE events Menschen versammeln sich in der Abendd\u00e4mmerung an einem hell erleuchteten Teich am Flussufer, wobei die Geb\u00e4ude der Stadt und ihre Spiegelungen auf dem Wasser unter dem sich verdunkelnden Himmel sichtbar sind.\" srcset=\"https:\/\/pace.berlin\/app\/uploads\/2025\/07\/AS-Festival_by_www.introduce.berlin_dominik-tryba_MB1_5024-768x768.jpg 768w, https:\/\/pace.berlin\/app\/uploads\/2025\/07\/AS-Festival_by_www.introduce.berlin_dominik-tryba_MB1_5024-150x150.jpg 150w, https:\/\/pace.berlin\/app\/uploads\/2025\/07\/AS-Festival_by_www.introduce.berlin_dominik-tryba_MB1_5024-300x300.jpg 300w\" sizes=\"auto, (max-width: 768px) 100vw, 768px\" \/>\t\t<\/div>\n\t\t\t\t<div class=\"elementor-portfolio-item__overlay\">\n\t\t\t\t<h3 class=\"elementor-portfolio-item__title\">\n\t\ta_festival\t\t<\/h3>\n\t\t\t\t<\/div>\n\t\t\t\t<\/a>\n\t\t<\/article>\n\t\t\t\t<article class=\"elementor-portfolio-item elementor-post elementor-filter-22 elementor-filter-13 post-1337 page type-page status-publish has-post-thumbnail hentry category-konferenz category-veranstaltungen\" role=\"listitem\">\n\t\t\t<a class=\"elementor-post__thumbnail__link\" href=\"https:\/\/pace.berlin\/events\/veranstaltungen\/world-mind-geopolitics\/\">\n\t\t\t\t<div class=\"elementor-portfolio-item__img elementor-post__thumbnail\">\n\t\t\t<img loading=\"lazy\" decoding=\"async\" width=\"768\" height=\"768\" src=\"https:\/\/pace.berlin\/app\/uploads\/2025\/05\/worldmindgeopolitics07-768x768.jpg\" class=\"attachment-tile-cropped size-tile-cropped wp-image-1351\" alt=\"\" srcset=\"https:\/\/pace.berlin\/app\/uploads\/2025\/05\/worldmindgeopolitics07-768x768.jpg 768w, https:\/\/pace.berlin\/app\/uploads\/2025\/05\/worldmindgeopolitics07-150x150.jpg 150w, https:\/\/pace.berlin\/app\/uploads\/2025\/05\/worldmindgeopolitics07-300x300.jpg 300w\" sizes=\"auto, (max-width: 768px) 100vw, 768px\" \/>\t\t<\/div>\n\t\t\t\t<div class=\"elementor-portfolio-item__overlay\">\n\t\t\t\t<h3 class=\"elementor-portfolio-item__title\">\n\t\tWorld.Minds Geopolitics\t\t<\/h3>\n\t\t\t\t<\/div>\n\t\t\t\t<\/a>\n\t\t<\/article>\n\t\t\t\t<article class=\"elementor-portfolio-item elementor-post elementor-filter-15 elementor-filter-13 post-1298 page type-page status-publish has-post-thumbnail hentry category-fuer-mitarbeitende category-veranstaltungen\" role=\"listitem\">\n\t\t\t<a class=\"elementor-post__thumbnail__link\" href=\"https:\/\/pace.berlin\/events\/veranstaltungen\/csd-berlin\/\">\n\t\t\t\t<div class=\"elementor-portfolio-item__img elementor-post__thumbnail\">\n\t\t\t<img loading=\"lazy\" decoding=\"async\" width=\"768\" height=\"768\" src=\"https:\/\/pace.berlin\/app\/uploads\/2025\/05\/csd05-768x768.jpg\" class=\"attachment-tile-cropped size-tile-cropped wp-image-1308\" alt=\"PACE events Eine gro\u00dfe Menschenmenge versammelt sich im Freien zu einer Parade oder einem Festival. Die Menschen stehen auf und um einen mit Bannern, Regenbogenfarben und Flaggen dekorierten Festwagen, umgeben von B\u00e4umen und unter einem bew\u00f6lkten Himmel.\" srcset=\"https:\/\/pace.berlin\/app\/uploads\/2025\/05\/csd05-768x768.jpg 768w, https:\/\/pace.berlin\/app\/uploads\/2025\/05\/csd05-150x150.jpg 150w, https:\/\/pace.berlin\/app\/uploads\/2025\/05\/csd05-300x300.jpg 300w\" sizes=\"auto, (max-width: 768px) 100vw, 768px\" \/>\t\t<\/div>\n\t\t\t\t<div class=\"elementor-portfolio-item__overlay\">\n\t\t\t\t<h3 class=\"elementor-portfolio-item__title\">\n\t\tCSD Berlin\t\t<\/h3>\n\t\t\t\t<\/div>\n\t\t\t\t<\/a>\n\t\t<\/article>\n\t\t\t\t<article class=\"elementor-portfolio-item elementor-post elementor-filter-18 elementor-filter-13 post-992 page type-page status-publish has-post-thumbnail hentry category-messe category-veranstaltungen\" role=\"listitem\">\n\t\t\t<a class=\"elementor-post__thumbnail__link\" href=\"https:\/\/pace.berlin\/events\/veranstaltungen\/zukunft-personal\/\">\n\t\t\t\t<div class=\"elementor-portfolio-item__img elementor-post__thumbnail\">\n\t\t\t<img loading=\"lazy\" decoding=\"async\" width=\"768\" height=\"768\" src=\"https:\/\/pace.berlin\/app\/uploads\/2025\/05\/zukunft-personal11-768x768.jpg\" class=\"attachment-tile-cropped size-tile-cropped wp-image-1014\" alt=\"\" srcset=\"https:\/\/pace.berlin\/app\/uploads\/2025\/05\/zukunft-personal11-768x768.jpg 768w, https:\/\/pace.berlin\/app\/uploads\/2025\/05\/zukunft-personal11-150x150.jpg 150w, https:\/\/pace.berlin\/app\/uploads\/2025\/05\/zukunft-personal11-300x300.jpg 300w\" sizes=\"auto, (max-width: 768px) 100vw, 768px\" \/>\t\t<\/div>\n\t\t\t\t<div class=\"elementor-portfolio-item__overlay\">\n\t\t\t\t<h3 class=\"elementor-portfolio-item__title\">\n\t\tZukunft Personal\t\t<\/h3>\n\t\t\t\t<\/div>\n\t\t\t\t<\/a>\n\t\t<\/article>\n\t\t\t\t<article class=\"elementor-portfolio-item elementor-post elementor-filter-19 elementor-filter-13 post-963 page type-page status-publish has-post-thumbnail hentry category-get-together category-veranstaltungen\" role=\"listitem\">\n\t\t\t<a class=\"elementor-post__thumbnail__link\" href=\"https:\/\/pace.berlin\/events\/veranstaltungen\/bild100\/\">\n\t\t\t\t<div class=\"elementor-portfolio-item__img elementor-post__thumbnail\">\n\t\t\t<img loading=\"lazy\" decoding=\"async\" width=\"768\" height=\"768\" src=\"https:\/\/pace.berlin\/app\/uploads\/2025\/05\/Bild100_06-768x768.jpg\" class=\"attachment-tile-cropped size-tile-cropped wp-image-975\" alt=\"\" srcset=\"https:\/\/pace.berlin\/app\/uploads\/2025\/05\/Bild100_06-768x768.jpg 768w, https:\/\/pace.berlin\/app\/uploads\/2025\/05\/Bild100_06-150x150.jpg 150w, https:\/\/pace.berlin\/app\/uploads\/2025\/05\/Bild100_06-300x300.jpg 300w\" sizes=\"auto, (max-width: 768px) 100vw, 768px\" \/>\t\t<\/div>\n\t\t\t\t<div class=\"elementor-portfolio-item__overlay\">\n\t\t\t\t<h3 class=\"elementor-portfolio-item__title\">\n\t\tBild100\t\t<\/h3>\n\t\t\t\t<\/div>\n\t\t\t\t<\/a>\n\t\t<\/article>\n\t\t\t\t<article class=\"elementor-portfolio-item elementor-post elementor-filter-13 elementor-filter-16 post-941 page type-page status-publish has-post-thumbnail hentry category-veranstaltungen category-verleihung\" role=\"listitem\">\n\t\t\t<a class=\"elementor-post__thumbnail__link\" href=\"https:\/\/pace.berlin\/events\/veranstaltungen\/deutscher-immobilienpreis\/\">\n\t\t\t\t<div class=\"elementor-portfolio-item__img elementor-post__thumbnail\">\n\t\t\t<img loading=\"lazy\" decoding=\"async\" width=\"768\" height=\"768\" src=\"https:\/\/pace.berlin\/app\/uploads\/2025\/09\/immopreis15-768x768.jpg\" class=\"attachment-tile-cropped size-tile-cropped wp-image-3317\" alt=\"PACE events Zwei Frauen stehen bei einer Preisverleihung auf der B\u00fchne. Hinter ihnen zeigt eine gro\u00dfe Leinwand den Text Deutscher Immobilienpreis Gewinner 2020 &amp; 2021 mit einer Troph\u00e4engrafik. Die B\u00fchne ist dunkel mit leuchtenden orangefarbenen Linien.\" srcset=\"https:\/\/pace.berlin\/app\/uploads\/2025\/09\/immopreis15-768x768.jpg 768w, https:\/\/pace.berlin\/app\/uploads\/2025\/09\/immopreis15-150x150.jpg 150w, https:\/\/pace.berlin\/app\/uploads\/2025\/09\/immopreis15-300x300.jpg 300w\" sizes=\"auto, (max-width: 768px) 100vw, 768px\" \/>\t\t<\/div>\n\t\t\t\t<div class=\"elementor-portfolio-item__overlay\">\n\t\t\t\t<h3 class=\"elementor-portfolio-item__title\">\n\t\tDEUTSCHER IMMOBILIENPREIS\t\t<\/h3>\n\t\t\t\t<\/div>\n\t\t\t\t<\/a>\n\t\t<\/article>\n\t\t\t\t<article class=\"elementor-portfolio-item elementor-post elementor-filter-13 elementor-filter-16 post-906 page type-page status-publish has-post-thumbnail hentry category-veranstaltungen category-verleihung\" role=\"listitem\">\n\t\t\t<a class=\"elementor-post__thumbnail__link\" href=\"https:\/\/pace.berlin\/events\/veranstaltungen\/iconista-award\/\">\n\t\t\t\t<div class=\"elementor-portfolio-item__img elementor-post__thumbnail\">\n\t\t\t<img loading=\"lazy\" decoding=\"async\" width=\"768\" height=\"768\" src=\"https:\/\/pace.berlin\/app\/uploads\/2025\/05\/iconista-award11-1-768x768.jpg\" class=\"attachment-tile-cropped size-tile-cropped wp-image-933\" alt=\"\" srcset=\"https:\/\/pace.berlin\/app\/uploads\/2025\/05\/iconista-award11-1-768x768.jpg 768w, https:\/\/pace.berlin\/app\/uploads\/2025\/05\/iconista-award11-1-150x150.jpg 150w, https:\/\/pace.berlin\/app\/uploads\/2025\/05\/iconista-award11-1-300x300.jpg 300w\" sizes=\"auto, (max-width: 768px) 100vw, 768px\" \/>\t\t<\/div>\n\t\t\t\t<div class=\"elementor-portfolio-item__overlay\">\n\t\t\t\t<h3 class=\"elementor-portfolio-item__title\">\n\t\tIconista Award\t\t<\/h3>\n\t\t\t\t<\/div>\n\t\t\t\t<\/a>\n\t\t<\/article>\n\t\t\t\t<article class=\"elementor-portfolio-item elementor-post elementor-filter-19 elementor-filter-13 post-868 page type-page status-publish has-post-thumbnail hentry category-get-together category-veranstaltungen\" role=\"listitem\">\n\t\t\t<a class=\"elementor-post__thumbnail__link\" href=\"https:\/\/pace.berlin\/events\/veranstaltungen\/b-z-kulturpreis\/\">\n\t\t\t\t<div class=\"elementor-portfolio-item__img elementor-post__thumbnail\">\n\t\t\t<img loading=\"lazy\" decoding=\"async\" width=\"768\" height=\"768\" src=\"https:\/\/pace.berlin\/app\/uploads\/2025\/05\/bz-kulturpreis04-768x768.jpg\" class=\"attachment-tile-cropped size-tile-cropped wp-image-876\" alt=\"\" srcset=\"https:\/\/pace.berlin\/app\/uploads\/2025\/05\/bz-kulturpreis04-768x768.jpg 768w, https:\/\/pace.berlin\/app\/uploads\/2025\/05\/bz-kulturpreis04-150x150.jpg 150w, https:\/\/pace.berlin\/app\/uploads\/2025\/05\/bz-kulturpreis04-300x300.jpg 300w\" sizes=\"auto, (max-width: 768px) 100vw, 768px\" \/>\t\t<\/div>\n\t\t\t\t<div class=\"elementor-portfolio-item__overlay\">\n\t\t\t\t<h3 class=\"elementor-portfolio-item__title\">\n\t\tB.Z. Kulturpreis\t\t<\/h3>\n\t\t\t\t<\/div>\n\t\t\t\t<\/a>\n\t\t<\/article>\n\t\t\t\t<article class=\"elementor-portfolio-item elementor-post elementor-filter-13 elementor-filter-16 post-811 page type-page status-publish has-post-thumbnail hentry category-veranstaltungen category-verleihung\" role=\"listitem\">\n\t\t\t<a class=\"elementor-post__thumbnail__link\" href=\"https:\/\/pace.berlin\/events\/veranstaltungen\/sportbild-award\/\">\n\t\t\t\t<div class=\"elementor-portfolio-item__img elementor-post__thumbnail\">\n\t\t\t<img loading=\"lazy\" decoding=\"async\" width=\"768\" height=\"768\" src=\"https:\/\/pace.berlin\/app\/uploads\/2025\/05\/sportbild-award06-768x768.jpg\" class=\"attachment-tile-cropped size-tile-cropped wp-image-823\" alt=\"\" srcset=\"https:\/\/pace.berlin\/app\/uploads\/2025\/05\/sportbild-award06-768x768.jpg 768w, https:\/\/pace.berlin\/app\/uploads\/2025\/05\/sportbild-award06-150x150.jpg 150w, https:\/\/pace.berlin\/app\/uploads\/2025\/05\/sportbild-award06-300x300.jpg 300w\" sizes=\"auto, (max-width: 768px) 100vw, 768px\" \/>\t\t<\/div>\n\t\t\t\t<div class=\"elementor-portfolio-item__overlay\">\n\t\t\t\t<h3 class=\"elementor-portfolio-item__title\">\n\t\tSportbild Award\t\t<\/h3>\n\t\t\t\t<\/div>\n\t\t\t\t<\/a>\n\t\t<\/article>\n\t\t\t\t<article class=\"elementor-portfolio-item elementor-post elementor-filter-13 elementor-filter-16 post-775 page type-page status-publish has-post-thumbnail hentry category-veranstaltungen category-verleihung\" role=\"listitem\">\n\t\t\t<a class=\"elementor-post__thumbnail__link\" href=\"https:\/\/pace.berlin\/events\/veranstaltungen\/axel-springer-award\/\">\n\t\t\t\t<div class=\"elementor-portfolio-item__img elementor-post__thumbnail\">\n\t\t\t<img loading=\"lazy\" decoding=\"async\" width=\"768\" height=\"768\" src=\"https:\/\/pace.berlin\/app\/uploads\/2025\/05\/axel-springer-award03-768x768.jpg\" class=\"attachment-tile-cropped size-tile-cropped wp-image-781\" alt=\"\" srcset=\"https:\/\/pace.berlin\/app\/uploads\/2025\/05\/axel-springer-award03-768x768.jpg 768w, https:\/\/pace.berlin\/app\/uploads\/2025\/05\/axel-springer-award03-150x150.jpg 150w, https:\/\/pace.berlin\/app\/uploads\/2025\/05\/axel-springer-award03-300x300.jpg 300w\" sizes=\"auto, (max-width: 768px) 100vw, 768px\" \/>\t\t<\/div>\n\t\t\t\t<div class=\"elementor-portfolio-item__overlay\">\n\t\t\t\t<h3 class=\"elementor-portfolio-item__title\">\n\t\tAxel Springer Award\t\t<\/h3>\n\t\t\t\t<\/div>\n\t\t\t\t<\/a>\n\t\t<\/article>\n\t\t\t\t<article class=\"elementor-portfolio-item elementor-post elementor-filter-13 elementor-filter-16 post-478 page type-page status-publish has-post-thumbnail hentry category-veranstaltungen category-verleihung\" role=\"listitem\">\n\t\t\t<a class=\"elementor-post__thumbnail__link\" href=\"https:\/\/pace.berlin\/events\/veranstaltungen\/das-goldene-lenkrad\/\">\n\t\t\t\t<div class=\"elementor-portfolio-item__img elementor-post__thumbnail\">\n\t\t\t<img loading=\"lazy\" decoding=\"async\" width=\"768\" height=\"768\" src=\"https:\/\/pace.berlin\/app\/uploads\/2025\/05\/das-goldene-lenkrad202402-768x768.jpg\" class=\"attachment-tile-cropped size-tile-cropped wp-image-739\" alt=\"\" srcset=\"https:\/\/pace.berlin\/app\/uploads\/2025\/05\/das-goldene-lenkrad202402-768x768.jpg 768w, https:\/\/pace.berlin\/app\/uploads\/2025\/05\/das-goldene-lenkrad202402-150x150.jpg 150w, https:\/\/pace.berlin\/app\/uploads\/2025\/05\/das-goldene-lenkrad202402-300x300.jpg 300w\" sizes=\"auto, (max-width: 768px) 100vw, 768px\" \/>\t\t<\/div>\n\t\t\t\t<div class=\"elementor-portfolio-item__overlay\">\n\t\t\t\t<h3 class=\"elementor-portfolio-item__title\">\n\t\tDas Goldene Lenkrad\t\t<\/h3>\n\t\t\t\t<\/div>\n\t\t\t\t<\/a>\n\t\t<\/article>\n\t\t\t\t<\/div>\n\t\t\t\t\t\t<\/div>\n\t\t\t\t<\/div>\n\t\t\t\t<\/div>\n\t\t\t\t<\/div>\n\t\t","protected":false},"excerpt":{"rendered":"<p>Unser Part in der party<\/p>\n","protected":false},"author":1,"featured_media":0,"parent":0,"menu_order":0,"comment_status":"closed","ping_status":"closed","template":"","meta":{"footnotes":""},"categories":[],"class_list":["post-470","page","type-page","status-publish","hentry"],"yoast_head":"<!-- This site is optimized with the Yoast SEO plugin v27.4 - https:\/\/yoast.com\/product\/yoast-seo-wordpress\/ -->\n<title>Veranstaltungen - events by Pace<\/title>\n<meta name=\"robots\" content=\"index, follow, max-snippet:-1, max-image-preview:large, max-video-preview:-1\" \/>\n<link rel=\"canonical\" href=\"https:\/\/staging.pace.berlin\/events\/veranstaltungen\/\" \/>\n<meta property=\"og:locale\" content=\"de_DE\" \/>\n<meta property=\"og:type\" content=\"article\" \/>\n<meta property=\"og:title\" content=\"Veranstaltungen - events by Pace\" \/>\n<meta property=\"og:description\" content=\"Unser Part in der party\" \/>\n<meta property=\"og:url\" content=\"https:\/\/staging.pace.berlin\/events\/veranstaltungen\/\" \/>\n<meta property=\"og:site_name\" content=\"events by Pace\" \/>\n<meta property=\"article:modified_time\" content=\"2025-07-28T21:39:03+00:00\" \/>\n<meta name=\"twitter:card\" content=\"summary_large_image\" \/>\n<meta name=\"twitter:label1\" content=\"Gesch\u00e4tzte Lesezeit\" \/>\n\t<meta name=\"twitter:data1\" content=\"3\u00a0Minuten\" \/>\n<script type=\"application\/ld+json\" class=\"yoast-schema-graph\">{\"@context\":\"https:\\\/\\\/schema.org\",\"@graph\":[{\"@type\":\"WebPage\",\"@id\":\"https:\\\/\\\/staging.pace.berlin\\\/events\\\/veranstaltungen\\\/\",\"url\":\"https:\\\/\\\/staging.pace.berlin\\\/events\\\/veranstaltungen\\\/\",\"name\":\"Veranstaltungen - events by Pace\",\"isPartOf\":{\"@id\":\"https:\\\/\\\/pace.berlin\\\/events\\\/#website\"},\"datePublished\":\"2025-03-04T08:42:15+00:00\",\"dateModified\":\"2025-07-28T21:39:03+00:00\",\"inLanguage\":\"de\",\"potentialAction\":[{\"@type\":\"ReadAction\",\"target\":[\"https:\\\/\\\/staging.pace.berlin\\\/events\\\/veranstaltungen\\\/\"]}]},{\"@type\":\"WebSite\",\"@id\":\"https:\\\/\\\/pace.berlin\\\/events\\\/#website\",\"url\":\"https:\\\/\\\/pace.berlin\\\/events\\\/\",\"name\":\"events by Pace\",\"description\":\"Wenn Events, dann mit uns\",\"potentialAction\":[{\"@type\":\"SearchAction\",\"target\":{\"@type\":\"EntryPoint\",\"urlTemplate\":\"https:\\\/\\\/pace.berlin\\\/events\\\/?s={search_term_string}\"},\"query-input\":{\"@type\":\"PropertyValueSpecification\",\"valueRequired\":true,\"valueName\":\"search_term_string\"}}],\"inLanguage\":\"de\"}]}<\/script>\n<!-- \/ Yoast SEO plugin. -->","yoast_head_json":{"title":"Veranstaltungen - events by Pace","robots":{"index":"index","follow":"follow","max-snippet":"max-snippet:-1","max-image-preview":"max-image-preview:large","max-video-preview":"max-video-preview:-1"},"canonical":"https:\/\/staging.pace.berlin\/events\/veranstaltungen\/","og_locale":"de_DE","og_type":"article","og_title":"Veranstaltungen - events by Pace","og_description":"Unser Part in der party","og_url":"https:\/\/staging.pace.berlin\/events\/veranstaltungen\/","og_site_name":"events by Pace","article_modified_time":"2025-07-28T21:39:03+00:00","twitter_card":"summary_large_image","twitter_misc":{"Gesch\u00e4tzte Lesezeit":"3\u00a0Minuten"},"schema":{"@context":"https:\/\/schema.org","@graph":[{"@type":"WebPage","@id":"https:\/\/staging.pace.berlin\/events\/veranstaltungen\/","url":"https:\/\/staging.pace.berlin\/events\/veranstaltungen\/","name":"Veranstaltungen - events by Pace","isPartOf":{"@id":"https:\/\/pace.berlin\/events\/#website"},"datePublished":"2025-03-04T08:42:15+00:00","dateModified":"2025-07-28T21:39:03+00:00","inLanguage":"de","potentialAction":[{"@type":"ReadAction","target":["https:\/\/staging.pace.berlin\/events\/veranstaltungen\/"]}]},{"@type":"WebSite","@id":"https:\/\/pace.berlin\/events\/#website","url":"https:\/\/pace.berlin\/events\/","name":"events by Pace","description":"Wenn Events, dann mit uns","potentialAction":[{"@type":"SearchAction","target":{"@type":"EntryPoint","urlTemplate":"https:\/\/pace.berlin\/events\/?s={search_term_string}"},"query-input":{"@type":"PropertyValueSpecification","valueRequired":true,"valueName":"search_term_string"}}],"inLanguage":"de"}]}},"_links":{"self":[{"href":"https:\/\/pace.berlin\/events\/wp-json\/wp\/v2\/pages\/470","targetHints":{"allow":["GET"]}}],"collection":[{"href":"https:\/\/pace.berlin\/events\/wp-json\/wp\/v2\/pages"}],"about":[{"href":"https:\/\/pace.berlin\/events\/wp-json\/wp\/v2\/types\/page"}],"author":[{"embeddable":true,"href":"https:\/\/pace.berlin\/events\/wp-json\/wp\/v2\/users\/1"}],"replies":[{"embeddable":true,"href":"https:\/\/pace.berlin\/events\/wp-json\/wp\/v2\/comments?post=470"}],"version-history":[{"count":40,"href":"https:\/\/pace.berlin\/events\/wp-json\/wp\/v2\/pages\/470\/revisions"}],"predecessor-version":[{"id":2725,"href":"https:\/\/pace.berlin\/events\/wp-json\/wp\/v2\/pages\/470\/revisions\/2725"}],"wp:attachment":[{"href":"https:\/\/pace.berlin\/events\/wp-json\/wp\/v2\/media?parent=470"}],"wp:term":[{"taxonomy":"category","embeddable":true,"href":"https:\/\/pace.berlin\/events\/wp-json\/wp\/v2\/categories?post=470"}],"curies":[{"name":"wp","href":"https:\/\/api.w.org\/{rel}","templated":true}]}}