{"id":3652,"date":"2025-09-23T22:08:09","date_gmt":"2025-09-23T22:08:09","guid":{"rendered":"https:\/\/pace.berlin\/events\/?page_id=3652"},"modified":"2025-10-10T08:59:06","modified_gmt":"2025-10-10T08:59:06","slug":"erklaerung-zur-barrierefreiheit","status":"publish","type":"page","link":"https:\/\/pace.berlin\/events\/erklaerung-zur-barrierefreiheit\/","title":{"rendered":"Erkl\u00e4rung zur Barrierefreiheit"},"content":{"rendered":"\t\t<div data-elementor-type=\"wp-page\" data-elementor-id=\"3652\" class=\"elementor elementor-3652\" data-elementor-post-type=\"page\">\n\t\t\t\t<div class=\"elementor-element elementor-element-79b33a4 e-grid e-con-boxed e-con e-parent\" data-id=\"79b33a4\" data-element_type=\"container\" data-e-type=\"container\">\n\t\t\t\t\t<div class=\"e-con-inner\">\n\t\t\t\t<div class=\"elementor-element elementor-element-a1b744e elementor-widget elementor-widget-heading\" data-id=\"a1b744e\" data-element_type=\"widget\" data-e-type=\"widget\" data-widget_type=\"heading.default\">\n\t\t\t\t<div class=\"elementor-widget-container\">\n\t\t\t\t\t<h1 class=\"elementor-heading-title elementor-size-default\">Erkl\u00e4rung zur Barrierefreiheit<\/h1>\t\t\t\t<\/div>\n\t\t\t\t<\/div>\n\t\t\t\t<div class=\"elementor-element elementor-element-fa0739f elementor-widget elementor-widget-text-editor\" data-id=\"fa0739f\" data-element_type=\"widget\" data-e-type=\"widget\" data-widget_type=\"text-editor.default\">\n\t\t\t\t<div class=\"elementor-widget-container\">\n\t\t\t\t\t\t\t\t\t<p>Die PACE Paparazzi Catering &amp; Event GmbH ist bem\u00fcht, ihre Webseiten im Einklang mit der in Berlin geltende Regelung, z.\u202fB. \u201eBarrierefreie Informationstechnik-Verordnung (BITV 2.0)\u201c oder \u201eBarrierefreie-Informationstechnik-Richtlinie des Landes Berlin\u201c barrierefrei zug\u00e4nglich zu gestalten.<\/p><p>Diese Erkl\u00e4rung zur Barrierefreiheit gilt f\u00fcr https:\/\/pace.berlin\/<\/p>\t\t\t\t\t\t\t\t<\/div>\n\t\t\t\t<\/div>\n\t\t\t\t<div class=\"elementor-element elementor-element-98f3af1 elementor-widget elementor-widget-heading\" data-id=\"98f3af1\" data-element_type=\"widget\" data-e-type=\"widget\" data-widget_type=\"heading.default\">\n\t\t\t\t<div class=\"elementor-widget-container\">\n\t\t\t\t\t<h2 class=\"elementor-heading-title elementor-size-default\">Stand der Verein&shy;barkeit mit den Anforderungen<\/h2>\t\t\t\t<\/div>\n\t\t\t\t<\/div>\n\t\t\t\t<div class=\"elementor-element elementor-element-720a225 elementor-widget elementor-widget-text-editor\" data-id=\"720a225\" data-element_type=\"widget\" data-e-type=\"widget\" data-widget_type=\"text-editor.default\">\n\t\t\t\t<div class=\"elementor-widget-container\">\n\t\t\t\t\t\t\t\t\t<p>Diese Website ist mit Web Content Accessibility Guidelines in der Version 2.1 (WCAG) und BITV 2.0 vollst\u00e4ndig vereinbar.<\/p>\t\t\t\t\t\t\t\t<\/div>\n\t\t\t\t<\/div>\n\t\t\t\t<div class=\"elementor-element elementor-element-600d952 elementor-widget elementor-widget-heading\" data-id=\"600d952\" data-element_type=\"widget\" data-e-type=\"widget\" data-widget_type=\"heading.default\">\n\t\t\t\t<div class=\"elementor-widget-container\">\n\t\t\t\t\t<h2 class=\"elementor-heading-title elementor-size-default\">Bekannte Einschr\u00e4nkungen<\/h2>\t\t\t\t<\/div>\n\t\t\t\t<\/div>\n\t\t\t\t<div class=\"elementor-element elementor-element-c9b699a elementor-widget elementor-widget-text-editor\" data-id=\"c9b699a\" data-element_type=\"widget\" data-e-type=\"widget\" data-widget_type=\"text-editor.default\">\n\t\t\t\t<div class=\"elementor-widget-container\">\n\t\t\t\t\t\t\t\t\t<ol><li>Farben, Kontraste, die nicht im Corporate Design der PACE Paparazzi Catering &amp; Event GmbH School-CD\u2019s stehen: Hierf\u00fcr wurde eine Kontrastvariante geschaffen, die sie \u00fcber den Schalter\u00a0 \u201eKontrast erh\u00f6hen\u201c aktivieren k\u00f6nnen.<\/li><li>alle HTML5-Videos sind nur als Hintergrund-Schmuck-Videos integriert ohne Audiodeskription, Volltextalternativen und Steuerleisten und lassen sich \u00fcber den Button &#8222;all Animation stoppen&#8220; anhalten, aus wirtschaftlichen Gr\u00fcnden ist die Untertitelung leider nicht abbildbar.<\/li><li>alle YouTube-Videos in Blog-Artikeln sind nur mit automatisch erstellten Untertiteln versehen, eine Audiodeskription und Volltextalternativen sind aus wirtschaftlichen Gr\u00fcnden leider nicht abbildbar.<\/li><\/ol>\t\t\t\t\t\t\t\t<\/div>\n\t\t\t\t<\/div>\n\t\t\t\t<div class=\"elementor-element elementor-element-f6cae00 elementor-widget elementor-widget-heading\" data-id=\"f6cae00\" data-element_type=\"widget\" data-e-type=\"widget\" data-widget_type=\"heading.default\">\n\t\t\t\t<div class=\"elementor-widget-container\">\n\t\t\t\t\t<h2 class=\"elementor-heading-title elementor-size-default\">Erstellung dieser Erkl\u00e4rung zur Barrierefreiheit<\/h2>\t\t\t\t<\/div>\n\t\t\t\t<\/div>\n\t\t\t\t<div class=\"elementor-element elementor-element-4510a86 elementor-widget elementor-widget-text-editor\" data-id=\"4510a86\" data-element_type=\"widget\" data-e-type=\"widget\" data-widget_type=\"text-editor.default\">\n\t\t\t\t<div class=\"elementor-widget-container\">\n\t\t\t\t\t\t\t\t\t<p>Diese Erkl\u00e4rung wurde am 24.09.2025 manuell erstellt.<\/p><p>Gepr\u00fcft wurden die Kriterien der zum Zeitpunkt des Tests aktuellen BITV\/WCAG in 92 Schritten.<\/p>\t\t\t\t\t\t\t\t<\/div>\n\t\t\t\t<\/div>\n\t\t<div class=\"elementor-element elementor-element-b26e04c e-grid e-con-full e-con e-child\" data-id=\"b26e04c\" data-element_type=\"container\" data-e-type=\"container\">\n\t\t\t\t<div class=\"elementor-element elementor-element-2509972 elementor-widget elementor-widget-text-editor\" data-id=\"2509972\" data-element_type=\"widget\" data-e-type=\"widget\" data-widget_type=\"text-editor.default\">\n\t\t\t\t<div class=\"elementor-widget-container\">\n\t\t\t\t\t\t\t\t\t<p><strong>Gepr\u00fcft wurde durch:<\/strong><br \/>WebReDevelopers<br \/>Alttrachau 46<br \/>01139 Dresden<\/p>\t\t\t\t\t\t\t\t<\/div>\n\t\t\t\t<\/div>\n\t\t\t\t<div class=\"elementor-element elementor-element-436e51f elementor-widget elementor-widget-text-editor\" data-id=\"436e51f\" data-element_type=\"widget\" data-e-type=\"widget\" data-widget_type=\"text-editor.default\">\n\t\t\t\t<div class=\"elementor-widget-container\">\n\t\t\t\t\t\t\t\t\t<p><strong>Pr\u00fcfgegenstand<\/strong><br \/>Informationsseite der PACE Paparazzi Catering &amp; Event GmbH<\/p>\t\t\t\t\t\t\t\t<\/div>\n\t\t\t\t<\/div>\n\t\t\t\t<div class=\"elementor-element elementor-element-a4368e9 elementor-widget elementor-widget-text-editor\" data-id=\"a4368e9\" data-element_type=\"widget\" data-e-type=\"widget\" data-widget_type=\"text-editor.default\">\n\t\t\t\t<div class=\"elementor-widget-container\">\n\t\t\t\t\t\t\t\t\t<p><strong>Untersuchte Seiten:<\/strong><\/p><p>Startseite<br \/>Unterseiten<\/p>\t\t\t\t\t\t\t\t<\/div>\n\t\t\t\t<\/div>\n\t\t\t\t<div class=\"elementor-element elementor-element-398abc8 elementor-widget elementor-widget-text-editor\" data-id=\"398abc8\" data-element_type=\"widget\" data-e-type=\"widget\" data-widget_type=\"text-editor.default\">\n\t\t\t\t<div class=\"elementor-widget-container\">\n\t\t\t\t\t\t\t\t\t<p><strong>Pr\u00fcfzeitraum<\/strong><\/p><p>01.08.2024 bis 24.09.2025<\/p>\t\t\t\t\t\t\t\t<\/div>\n\t\t\t\t<\/div>\n\t\t\t\t<\/div>\n\t\t\t\t<div class=\"elementor-element elementor-element-29a2b79 elementor-widget elementor-widget-heading\" data-id=\"29a2b79\" data-element_type=\"widget\" data-e-type=\"widget\" data-widget_type=\"heading.default\">\n\t\t\t\t<div class=\"elementor-widget-container\">\n\t\t\t\t\t<h2 class=\"elementor-heading-title elementor-size-default\">Feedback und Kontaktangaben<\/h2>\t\t\t\t<\/div>\n\t\t\t\t<\/div>\n\t\t\t\t<div class=\"elementor-element elementor-element-9cae626 elementor-widget elementor-widget-text-editor\" data-id=\"9cae626\" data-element_type=\"widget\" data-e-type=\"widget\" data-widget_type=\"text-editor.default\">\n\t\t\t\t<div class=\"elementor-widget-container\">\n\t\t\t\t\t\t\t\t\t<p>Etwaige M\u00e4ngel in Bezug auf die Einhaltung der Barrierefreiheitsanforderungen k\u00f6nnen Sie uns mitteilen unter info@pace.berlin<\/p><p>Informationen \u00fcber von der Anwendung der Richtlinie ausgenommene Inhalte k\u00f6nnen sie unter <a href=\"mailto:info@pace.berlin\">info@pace.berlin<\/a> einholen.<\/p><p>Zust\u00e4ndig f\u00fcr die barrierefreie Zug\u00e4nglichkeit und die Bearbeitung der im Rahmen des Feedback-Mechanismus eingehenden Mitteilungen ist:<\/p><p>PACE Paparazzi Catering &amp; Event GmbH<br \/><span style=\"color: var( --e-global-color-text );text-align: var(--text-align);background-color: var( --e-global-color-6fc9c30 );font-size: 1rem\">Axel-Springer-Stra\u00dfe 65<br \/><\/span><span style=\"color: var( --e-global-color-text );text-align: var(--text-align);background-color: var( --e-global-color-6fc9c30 );font-size: 1rem\">10888 Berlin<\/span><\/p>\t\t\t\t\t\t\t\t<\/div>\n\t\t\t\t<\/div>\n\t\t\t\t\t<\/div>\n\t\t\t\t<\/div>\n\t\t<div class=\"elementor-element elementor-element-c52c3d0 e-flex e-con-boxed e-con e-parent\" data-id=\"c52c3d0\" data-element_type=\"container\" data-e-type=\"container\">\n\t\t\t\t\t<div class=\"e-con-inner\">\n\t\t\t\t\t<\/div>\n\t\t\t\t<\/div>\n\t\t\t\t<\/div>\n\t\t","protected":false},"excerpt":{"rendered":"<p>Erkl\u00e4rung zur Barrierefreiheit Die PACE Paparazzi Catering &amp; Event GmbH ist bem\u00fcht, ihre Webseiten im Einklang mit der in Berlin geltende Regelung, z.\u202fB. \u201eBarrierefreie Informationstechnik-Verordnung (BITV 2.0)\u201c oder \u201eBarrierefreie-Informationstechnik-Richtlinie des Landes Berlin\u201c barrierefrei zug\u00e4nglich zu gestalten. Diese Erkl\u00e4rung zur Barrierefreiheit gilt f\u00fcr https:\/\/pace.berlin\/ Stand der Verein&shy;barkeit mit den Anforderungen Diese Website ist mit Web Content [&hellip;]<\/p>\n","protected":false},"author":1,"featured_media":0,"parent":0,"menu_order":0,"comment_status":"closed","ping_status":"closed","template":"","meta":{"footnotes":""},"categories":[],"class_list":["post-3652","page","type-page","status-publish","hentry"],"yoast_head":"<!-- This site is optimized with the Yoast SEO plugin v27.4 - https:\/\/yoast.com\/product\/yoast-seo-wordpress\/ -->\n<title>Erkl\u00e4rung zur Barrierefreiheit - events by Pace<\/title>\n<meta name=\"robots\" content=\"index, follow, max-snippet:-1, max-image-preview:large, max-video-preview:-1\" \/>\n<link rel=\"canonical\" href=\"https:\/\/pace.berlin\/events\/erklaerung-zur-barrierefreiheit\/\" \/>\n<meta property=\"og:locale\" content=\"de_DE\" \/>\n<meta property=\"og:type\" content=\"article\" \/>\n<meta property=\"og:title\" content=\"Erkl\u00e4rung zur Barrierefreiheit - events by Pace\" \/>\n<meta property=\"og:description\" content=\"Erkl\u00e4rung zur Barrierefreiheit Die PACE Paparazzi Catering &amp; Event GmbH ist bem\u00fcht, ihre Webseiten im Einklang mit der in Berlin geltende Regelung, z.\u202fB. \u201eBarrierefreie Informationstechnik-Verordnung (BITV 2.0)\u201c oder \u201eBarrierefreie-Informationstechnik-Richtlinie des Landes Berlin\u201c barrierefrei zug\u00e4nglich zu gestalten. Diese Erkl\u00e4rung zur Barrierefreiheit gilt f\u00fcr https:\/\/pace.berlin\/ Stand der Verein&shy;barkeit mit den Anforderungen Diese Website ist mit Web Content [&hellip;]\" \/>\n<meta property=\"og:url\" content=\"https:\/\/pace.berlin\/events\/erklaerung-zur-barrierefreiheit\/\" \/>\n<meta property=\"og:site_name\" content=\"events by Pace\" \/>\n<meta property=\"article:modified_time\" content=\"2025-10-10T08:59:06+00:00\" \/>\n<meta name=\"twitter:card\" content=\"summary_large_image\" \/>\n<meta name=\"twitter:label1\" content=\"Gesch\u00e4tzte Lesezeit\" \/>\n\t<meta name=\"twitter:data1\" content=\"2\u00a0Minuten\" \/>\n<script type=\"application\/ld+json\" class=\"yoast-schema-graph\">{\"@context\":\"https:\\\/\\\/schema.org\",\"@graph\":[{\"@type\":\"WebPage\",\"@id\":\"https:\\\/\\\/pace.berlin\\\/events\\\/erklaerung-zur-barrierefreiheit\\\/\",\"url\":\"https:\\\/\\\/pace.berlin\\\/events\\\/erklaerung-zur-barrierefreiheit\\\/\",\"name\":\"Erkl\u00e4rung zur Barrierefreiheit - events by Pace\",\"isPartOf\":{\"@id\":\"https:\\\/\\\/pace.berlin\\\/events\\\/#website\"},\"datePublished\":\"2025-09-23T22:08:09+00:00\",\"dateModified\":\"2025-10-10T08:59:06+00:00\",\"inLanguage\":\"de\",\"potentialAction\":[{\"@type\":\"ReadAction\",\"target\":[\"https:\\\/\\\/pace.berlin\\\/events\\\/erklaerung-zur-barrierefreiheit\\\/\"]}]},{\"@type\":\"WebSite\",\"@id\":\"https:\\\/\\\/pace.berlin\\\/events\\\/#website\",\"url\":\"https:\\\/\\\/pace.berlin\\\/events\\\/\",\"name\":\"events by Pace\",\"description\":\"Wenn Events, dann mit uns\",\"potentialAction\":[{\"@type\":\"SearchAction\",\"target\":{\"@type\":\"EntryPoint\",\"urlTemplate\":\"https:\\\/\\\/pace.berlin\\\/events\\\/?s={search_term_string}\"},\"query-input\":{\"@type\":\"PropertyValueSpecification\",\"valueRequired\":true,\"valueName\":\"search_term_string\"}}],\"inLanguage\":\"de\"}]}<\/script>\n<!-- \/ Yoast SEO plugin. -->","yoast_head_json":{"title":"Erkl\u00e4rung zur Barrierefreiheit - events by Pace","robots":{"index":"index","follow":"follow","max-snippet":"max-snippet:-1","max-image-preview":"max-image-preview:large","max-video-preview":"max-video-preview:-1"},"canonical":"https:\/\/pace.berlin\/events\/erklaerung-zur-barrierefreiheit\/","og_locale":"de_DE","og_type":"article","og_title":"Erkl\u00e4rung zur Barrierefreiheit - events by Pace","og_description":"Erkl\u00e4rung zur Barrierefreiheit Die PACE Paparazzi Catering &amp; Event GmbH ist bem\u00fcht, ihre Webseiten im Einklang mit der in Berlin geltende Regelung, z.\u202fB. \u201eBarrierefreie Informationstechnik-Verordnung (BITV 2.0)\u201c oder \u201eBarrierefreie-Informationstechnik-Richtlinie des Landes Berlin\u201c barrierefrei zug\u00e4nglich zu gestalten. Diese Erkl\u00e4rung zur Barrierefreiheit gilt f\u00fcr https:\/\/pace.berlin\/ Stand der Verein&shy;barkeit mit den Anforderungen Diese Website ist mit Web Content [&hellip;]","og_url":"https:\/\/pace.berlin\/events\/erklaerung-zur-barrierefreiheit\/","og_site_name":"events by Pace","article_modified_time":"2025-10-10T08:59:06+00:00","twitter_card":"summary_large_image","twitter_misc":{"Gesch\u00e4tzte Lesezeit":"2\u00a0Minuten"},"schema":{"@context":"https:\/\/schema.org","@graph":[{"@type":"WebPage","@id":"https:\/\/pace.berlin\/events\/erklaerung-zur-barrierefreiheit\/","url":"https:\/\/pace.berlin\/events\/erklaerung-zur-barrierefreiheit\/","name":"Erkl\u00e4rung zur Barrierefreiheit - events by Pace","isPartOf":{"@id":"https:\/\/pace.berlin\/events\/#website"},"datePublished":"2025-09-23T22:08:09+00:00","dateModified":"2025-10-10T08:59:06+00:00","inLanguage":"de","potentialAction":[{"@type":"ReadAction","target":["https:\/\/pace.berlin\/events\/erklaerung-zur-barrierefreiheit\/"]}]},{"@type":"WebSite","@id":"https:\/\/pace.berlin\/events\/#website","url":"https:\/\/pace.berlin\/events\/","name":"events by Pace","description":"Wenn Events, dann mit uns","potentialAction":[{"@type":"SearchAction","target":{"@type":"EntryPoint","urlTemplate":"https:\/\/pace.berlin\/events\/?s={search_term_string}"},"query-input":{"@type":"PropertyValueSpecification","valueRequired":true,"valueName":"search_term_string"}}],"inLanguage":"de"}]}},"_links":{"self":[{"href":"https:\/\/pace.berlin\/events\/wp-json\/wp\/v2\/pages\/3652","targetHints":{"allow":["GET"]}}],"collection":[{"href":"https:\/\/pace.berlin\/events\/wp-json\/wp\/v2\/pages"}],"about":[{"href":"https:\/\/pace.berlin\/events\/wp-json\/wp\/v2\/types\/page"}],"author":[{"embeddable":true,"href":"https:\/\/pace.berlin\/events\/wp-json\/wp\/v2\/users\/1"}],"replies":[{"embeddable":true,"href":"https:\/\/pace.berlin\/events\/wp-json\/wp\/v2\/comments?post=3652"}],"version-history":[{"count":25,"href":"https:\/\/pace.berlin\/events\/wp-json\/wp\/v2\/pages\/3652\/revisions"}],"predecessor-version":[{"id":3832,"href":"https:\/\/pace.berlin\/events\/wp-json\/wp\/v2\/pages\/3652\/revisions\/3832"}],"wp:attachment":[{"href":"https:\/\/pace.berlin\/events\/wp-json\/wp\/v2\/media?parent=3652"}],"wp:term":[{"taxonomy":"category","embeddable":true,"href":"https:\/\/pace.berlin\/events\/wp-json\/wp\/v2\/categories?post=3652"}],"curies":[{"name":"wp","href":"https:\/\/api.w.org\/{rel}","templated":true}]}}