{"id":3393,"date":"2025-09-05T17:07:41","date_gmt":"2025-09-05T17:07:41","guid":{"rendered":"https:\/\/pace.berlin\/events\/?page_id=3393"},"modified":"2025-09-05T18:29:17","modified_gmt":"2025-09-05T18:29:17","slug":"impressum","status":"publish","type":"page","link":"https:\/\/pace.berlin\/events\/impressum\/","title":{"rendered":"Impressum"},"content":{"rendered":"\t\t<div data-elementor-type=\"wp-page\" data-elementor-id=\"3393\" class=\"elementor elementor-3393\" data-elementor-post-type=\"page\">\n\t\t\t\t<div class=\"elementor-element elementor-element-7682b9c5 e-flex e-con-boxed e-con e-parent\" data-id=\"7682b9c5\" data-element_type=\"container\" data-e-type=\"container\">\n\t\t\t\t\t<div class=\"e-con-inner\">\n\t\t\t\t<div class=\"elementor-element elementor-element-3e9dc1cd elementor-widget elementor-widget-heading\" data-id=\"3e9dc1cd\" data-element_type=\"widget\" data-e-type=\"widget\" data-widget_type=\"heading.default\">\n\t\t\t\t<div class=\"elementor-widget-container\">\n\t\t\t\t\t<h1 class=\"elementor-heading-title elementor-size-default\">Impressum<\/h1>\t\t\t\t<\/div>\n\t\t\t\t<\/div>\n\t\t\t\t\t<\/div>\n\t\t\t\t<\/div>\n\t\t<div class=\"elementor-element elementor-element-6eb6c27f e-flex e-con-boxed e-con e-parent\" data-id=\"6eb6c27f\" data-element_type=\"container\" data-e-type=\"container\">\n\t\t\t\t\t<div class=\"e-con-inner\">\n\t\t<div class=\"elementor-element elementor-element-e2d88f5 e-grid e-con-full e-con e-child\" data-id=\"e2d88f5\" data-element_type=\"container\" data-e-type=\"container\">\n\t\t\t\t<div class=\"elementor-element elementor-element-2069707 elementor-widget elementor-widget-text-editor\" data-id=\"2069707\" data-element_type=\"widget\" data-e-type=\"widget\" data-widget_type=\"text-editor.default\">\n\t\t\t\t<div class=\"elementor-widget-container\">\n\t\t\t\t\t\t\t\t\t<p><b>Anbieter<\/b><br>PACE Paparazzi Catering &amp; Event GmbH<br>Axel-Springer-Stra\u00dfe 65<br>10888 Berlin<br>E-Mail: info@pace.berlin<\/p>\n<p>Zugleich auch ladungsf\u00e4hige Anschrift f\u00fcr alle im Impressum genannten Verantwortlichen und Vertretungsberechtigten.<\/p>\n<p><\/p>\n<p><b>Gesch\u00e4ftsf\u00fchrung<br><\/b>Lars Tretzack<br>Dirk Szymaniak<\/p>\t\t\t\t\t\t\t\t<\/div>\n\t\t\t\t<\/div>\n\t\t\t\t<div class=\"elementor-element elementor-element-a65c1cc elementor-widget elementor-widget-text-editor\" data-id=\"a65c1cc\" data-element_type=\"widget\" data-e-type=\"widget\" data-widget_type=\"text-editor.default\">\n\t\t\t\t<div class=\"elementor-widget-container\">\n\t\t\t\t\t\t\t\t\t<p><strong>Amtsgericht\/Handelsregister<\/strong><br \/>Sitz Berlin, Amtsgericht Charlottenburg (Berlin), HRB 64644 B, USt-IdNr. DE185551324<\/p><p>\u00a0<\/p><p><b>Information gem\u00e4\u00df \u00a7 36 Verbraucherstreitbeilegungsgesetz:<br \/><\/b>Die PACE Paparazzi Catering &amp; Event GmbH nimmt an einem freiwilligen Streitbeilegungsverfahren vor einer deutschen Verbraucherschlichtungsstelle nicht teil. Eine gesetzliche Verpflichtung besteht nicht.<\/p>\t\t\t\t\t\t\t\t<\/div>\n\t\t\t\t<\/div>\n\t\t\t\t<\/div>\n\t\t\t\t\t<\/div>\n\t\t\t\t<\/div>\n\t\t\t\t<\/div>\n\t\t","protected":false},"excerpt":{"rendered":"<p>Impressum AnbieterPACE Paparazzi Catering &amp; Event GmbHAxel-Springer-Stra\u00dfe 6510888 BerlinE-Mail: info@pace.berlin Zugleich auch ladungsf\u00e4hige Anschrift f\u00fcr alle im Impressum genannten Verantwortlichen und Vertretungsberechtigten. Gesch\u00e4ftsf\u00fchrungLars TretzackDirk Szymaniak Amtsgericht\/HandelsregisterSitz Berlin, Amtsgericht Charlottenburg (Berlin), HRB 64644 B, USt-IdNr. DE185551324 \u00a0 Information gem\u00e4\u00df \u00a7 36 Verbraucherstreitbeilegungsgesetz:Die PACE Paparazzi Catering &amp; Event GmbH nimmt an einem freiwilligen Streitbeilegungsverfahren vor einer deutschen [&hellip;]<\/p>\n","protected":false},"author":2,"featured_media":0,"parent":0,"menu_order":0,"comment_status":"closed","ping_status":"closed","template":"","meta":{"footnotes":""},"categories":[],"class_list":["post-3393","page","type-page","status-publish","hentry"],"yoast_head":"<!-- This site is optimized with the Yoast SEO plugin v27.4 - https:\/\/yoast.com\/product\/yoast-seo-wordpress\/ -->\n<title>Impressum - events by Pace<\/title>\n<meta name=\"robots\" content=\"index, follow, max-snippet:-1, max-image-preview:large, max-video-preview:-1\" \/>\n<link rel=\"canonical\" href=\"https:\/\/pace.berlin\/events\/impressum\/\" \/>\n<meta property=\"og:locale\" content=\"de_DE\" \/>\n<meta property=\"og:type\" content=\"article\" \/>\n<meta property=\"og:title\" content=\"Impressum - events by Pace\" \/>\n<meta property=\"og:description\" content=\"Impressum AnbieterPACE Paparazzi Catering &amp; Event GmbHAxel-Springer-Stra\u00dfe 6510888 BerlinE-Mail: info@pace.berlin Zugleich auch ladungsf\u00e4hige Anschrift f\u00fcr alle im Impressum genannten Verantwortlichen und Vertretungsberechtigten. Gesch\u00e4ftsf\u00fchrungLars TretzackDirk Szymaniak Amtsgericht\/HandelsregisterSitz Berlin, Amtsgericht Charlottenburg (Berlin), HRB 64644 B, USt-IdNr. DE185551324 \u00a0 Information gem\u00e4\u00df \u00a7 36 Verbraucherstreitbeilegungsgesetz:Die PACE Paparazzi Catering &amp; Event GmbH nimmt an einem freiwilligen Streitbeilegungsverfahren vor einer deutschen [&hellip;]\" \/>\n<meta property=\"og:url\" content=\"https:\/\/pace.berlin\/events\/impressum\/\" \/>\n<meta property=\"og:site_name\" content=\"events by Pace\" \/>\n<meta property=\"article:modified_time\" content=\"2025-09-05T18:29:17+00:00\" \/>\n<meta name=\"twitter:card\" content=\"summary_large_image\" \/>\n<meta name=\"twitter:label1\" content=\"Gesch\u00e4tzte Lesezeit\" \/>\n\t<meta name=\"twitter:data1\" content=\"1\u00a0Minute\" \/>\n<script type=\"application\/ld+json\" class=\"yoast-schema-graph\">{\"@context\":\"https:\\\/\\\/schema.org\",\"@graph\":[{\"@type\":\"WebPage\",\"@id\":\"https:\\\/\\\/pace.berlin\\\/events\\\/impressum\\\/\",\"url\":\"https:\\\/\\\/pace.berlin\\\/events\\\/impressum\\\/\",\"name\":\"Impressum - events by Pace\",\"isPartOf\":{\"@id\":\"https:\\\/\\\/pace.berlin\\\/events\\\/#website\"},\"datePublished\":\"2025-09-05T17:07:41+00:00\",\"dateModified\":\"2025-09-05T18:29:17+00:00\",\"inLanguage\":\"de\",\"potentialAction\":[{\"@type\":\"ReadAction\",\"target\":[\"https:\\\/\\\/pace.berlin\\\/events\\\/impressum\\\/\"]}]},{\"@type\":\"WebSite\",\"@id\":\"https:\\\/\\\/pace.berlin\\\/events\\\/#website\",\"url\":\"https:\\\/\\\/pace.berlin\\\/events\\\/\",\"name\":\"events by Pace\",\"description\":\"Wenn Events, dann mit uns\",\"potentialAction\":[{\"@type\":\"SearchAction\",\"target\":{\"@type\":\"EntryPoint\",\"urlTemplate\":\"https:\\\/\\\/pace.berlin\\\/events\\\/?s={search_term_string}\"},\"query-input\":{\"@type\":\"PropertyValueSpecification\",\"valueRequired\":true,\"valueName\":\"search_term_string\"}}],\"inLanguage\":\"de\"}]}<\/script>\n<!-- \/ Yoast SEO plugin. -->","yoast_head_json":{"title":"Impressum - events by Pace","robots":{"index":"index","follow":"follow","max-snippet":"max-snippet:-1","max-image-preview":"max-image-preview:large","max-video-preview":"max-video-preview:-1"},"canonical":"https:\/\/pace.berlin\/events\/impressum\/","og_locale":"de_DE","og_type":"article","og_title":"Impressum - events by Pace","og_description":"Impressum AnbieterPACE Paparazzi Catering &amp; Event GmbHAxel-Springer-Stra\u00dfe 6510888 BerlinE-Mail: info@pace.berlin Zugleich auch ladungsf\u00e4hige Anschrift f\u00fcr alle im Impressum genannten Verantwortlichen und Vertretungsberechtigten. Gesch\u00e4ftsf\u00fchrungLars TretzackDirk Szymaniak Amtsgericht\/HandelsregisterSitz Berlin, Amtsgericht Charlottenburg (Berlin), HRB 64644 B, USt-IdNr. DE185551324 \u00a0 Information gem\u00e4\u00df \u00a7 36 Verbraucherstreitbeilegungsgesetz:Die PACE Paparazzi Catering &amp; Event GmbH nimmt an einem freiwilligen Streitbeilegungsverfahren vor einer deutschen [&hellip;]","og_url":"https:\/\/pace.berlin\/events\/impressum\/","og_site_name":"events by Pace","article_modified_time":"2025-09-05T18:29:17+00:00","twitter_card":"summary_large_image","twitter_misc":{"Gesch\u00e4tzte Lesezeit":"1\u00a0Minute"},"schema":{"@context":"https:\/\/schema.org","@graph":[{"@type":"WebPage","@id":"https:\/\/pace.berlin\/events\/impressum\/","url":"https:\/\/pace.berlin\/events\/impressum\/","name":"Impressum - events by Pace","isPartOf":{"@id":"https:\/\/pace.berlin\/events\/#website"},"datePublished":"2025-09-05T17:07:41+00:00","dateModified":"2025-09-05T18:29:17+00:00","inLanguage":"de","potentialAction":[{"@type":"ReadAction","target":["https:\/\/pace.berlin\/events\/impressum\/"]}]},{"@type":"WebSite","@id":"https:\/\/pace.berlin\/events\/#website","url":"https:\/\/pace.berlin\/events\/","name":"events by Pace","description":"Wenn Events, dann mit uns","potentialAction":[{"@type":"SearchAction","target":{"@type":"EntryPoint","urlTemplate":"https:\/\/pace.berlin\/events\/?s={search_term_string}"},"query-input":{"@type":"PropertyValueSpecification","valueRequired":true,"valueName":"search_term_string"}}],"inLanguage":"de"}]}},"_links":{"self":[{"href":"https:\/\/pace.berlin\/events\/wp-json\/wp\/v2\/pages\/3393","targetHints":{"allow":["GET"]}}],"collection":[{"href":"https:\/\/pace.berlin\/events\/wp-json\/wp\/v2\/pages"}],"about":[{"href":"https:\/\/pace.berlin\/events\/wp-json\/wp\/v2\/types\/page"}],"author":[{"embeddable":true,"href":"https:\/\/pace.berlin\/events\/wp-json\/wp\/v2\/users\/2"}],"replies":[{"embeddable":true,"href":"https:\/\/pace.berlin\/events\/wp-json\/wp\/v2\/comments?post=3393"}],"version-history":[{"count":7,"href":"https:\/\/pace.berlin\/events\/wp-json\/wp\/v2\/pages\/3393\/revisions"}],"predecessor-version":[{"id":3407,"href":"https:\/\/pace.berlin\/events\/wp-json\/wp\/v2\/pages\/3393\/revisions\/3407"}],"wp:attachment":[{"href":"https:\/\/pace.berlin\/events\/wp-json\/wp\/v2\/media?parent=3393"}],"wp:term":[{"taxonomy":"category","embeddable":true,"href":"https:\/\/pace.berlin\/events\/wp-json\/wp\/v2\/categories?post=3393"}],"curies":[{"name":"wp","href":"https:\/\/api.w.org\/{rel}","templated":true}]}}