{"id":3257,"date":"2025-09-05T13:16:36","date_gmt":"2025-09-05T13:16:36","guid":{"rendered":"https:\/\/staging.pace.berlin\/events\/?page_id=3257"},"modified":"2025-10-08T10:06:35","modified_gmt":"2025-10-08T10:06:35","slug":"freiraum","status":"publish","type":"page","link":"https:\/\/pace.berlin\/events\/eventlocations\/freiraum\/","title":{"rendered":"Freiraum 18"},"content":{"rendered":"\t\t<div data-elementor-type=\"wp-page\" data-elementor-id=\"3257\" class=\"elementor elementor-3257\" data-elementor-post-type=\"page\">\n\t\t\t\t<div class=\"elementor-element elementor-element-4fdb83f1 e-grid e-con-full fullsize-video e-con e-parent\" data-id=\"4fdb83f1\" data-element_type=\"container\" data-e-type=\"container\" data-settings=\"{&quot;background_background&quot;:&quot;classic&quot;}\">\n\t\t<div class=\"elementor-element elementor-element-11c9e84b e-grid e-con-boxed e-con e-child\" data-id=\"11c9e84b\" data-element_type=\"container\" data-e-type=\"container\">\n\t\t\t\t\t<div class=\"e-con-inner\">\n\t\t\t\t<div class=\"elementor-element elementor-element-32bc3434 head_breadcrumb elementor-widget elementor-widget-text-editor\" data-id=\"32bc3434\" data-element_type=\"widget\" data-e-type=\"widget\" data-widget_type=\"text-editor.default\">\n\t\t\t\t<div class=\"elementor-widget-container\">\n\t\t\t\t\t\t\t\t\t<p><a href=\"https:\/\/pace.berlin\/events\/eventlocations\/\">Eventlocations<\/a> \/ Hochhaus \/ Freiraum 18<\/p>\t\t\t\t\t\t\t\t<\/div>\n\t\t\t\t<\/div>\n\t\t\t\t<div class=\"elementor-element elementor-element-51c52e66 elementor-widget elementor-widget-heading\" data-id=\"51c52e66\" data-element_type=\"widget\" data-e-type=\"widget\" data-widget_type=\"heading.default\">\n\t\t\t\t<div class=\"elementor-widget-container\">\n\t\t\t\t\t<h1 class=\"elementor-heading-title elementor-size-default\">Freiraum 18<\/h1>\t\t\t\t<\/div>\n\t\t\t\t<\/div>\n\t\t\t\t\t<\/div>\n\t\t\t\t<\/div>\n\t\t\t\t<\/div>\n\t\t<div class=\"elementor-element elementor-element-12cec0e6 e-grid e-con-boxed e-con e-parent\" data-id=\"12cec0e6\" data-element_type=\"container\" data-e-type=\"container\">\n\t\t\t\t\t<div class=\"e-con-inner\">\n\t\t\t\t<div class=\"elementor-element elementor-element-2aeb3313 elementor-widget elementor-widget-text-editor\" data-id=\"2aeb3313\" data-element_type=\"widget\" data-e-type=\"widget\" data-widget_type=\"text-editor.default\">\n\t\t\t\t<div class=\"elementor-widget-container\">\n\t\t\t\t\t\t\t\t\t<p>Im 18. Stock des Axel-Springer-Hochhauses bietet der Freiraum 18 mit 110 m\u00b2 Platz f\u00fcr Meetings, Workshops oder kleinere Konferenzen.<\/p><p>Der Raum eignet sich f\u00fcr bis zu 18 Personen und ist ausgestattet mit einer gro\u00dfen Tafel und einer Konferenzanlage.<\/p><p>\u00a0<\/p>\t\t\t\t\t\t\t\t<\/div>\n\t\t\t\t<\/div>\n\t\t\t\t\t<\/div>\n\t\t\t\t<\/div>\n\t\t<div class=\"elementor-element elementor-element-3b095cb9 e-grid e-con-full fullsize-video e-con e-parent\" data-id=\"3b095cb9\" data-element_type=\"container\" data-e-type=\"container\" data-settings=\"{&quot;background_background&quot;:&quot;classic&quot;}\">\n\t\t<div class=\"elementor-element elementor-element-5b3d4c48 e-grid e-con-boxed e-con e-child\" data-id=\"5b3d4c48\" data-element_type=\"container\" data-e-type=\"container\">\n\t\t\t\t\t<div class=\"e-con-inner\">\n\t\t<div class=\"elementor-element elementor-element-e51f732 e-grid e-con-full e-con e-child\" data-id=\"e51f732\" data-element_type=\"container\" data-e-type=\"container\">\n\t\t\t\t<div class=\"elementor-element elementor-element-1d397a49 tablelines elementor-widget elementor-widget-text-editor\" data-id=\"1d397a49\" data-element_type=\"widget\" data-e-type=\"widget\" data-widget_type=\"text-editor.default\">\n\t\t\t\t<div class=\"elementor-widget-container\">\n\t\t\t\t\t\t\t\t\t<table>\n<tbody>\n<tr>\n<td>Geb\u00e4ude<\/td>\n<td>Hochhaus<\/td>\n<td><\/td>\n<\/tr>\n<tr>\n<td>Etage<\/td>\n<td>18. OG<\/td>\n<td><\/td>\n<\/tr>\n<tr>\n<td>Nutzungsm\u00f6glichkeiten<\/td>\n<td>Meetings, Workshops oder kleinere Konferenzen<\/td>\n<td><\/td>\n<\/tr>\n<tr>\n<td>Technik\/ Ausstattung<\/td>\n<td>Konferenzanlage, Bildschirm, festverbaute Tafel mit 18 St\u00fchle, Flipcharts<\/td>\n<td><\/td>\n<\/tr>\n<tr>\n<td>Gr\u00f6\u00dfe<\/td>\n<td>110 m\u00b2<\/td>\n<td><\/td>\n<\/tr>\n\n<\/tbody>\n<\/table>\t\t\t\t\t\t\t\t<\/div>\n\t\t\t\t<\/div>\n\t\t\t\t<\/div>\n\t\t\t\t\t<\/div>\n\t\t\t\t<\/div>\n\t\t\t\t<\/div>\n\t\t<div class=\"elementor-element elementor-element-8ab5da1 e-grid e-con-boxed e-con e-parent\" data-id=\"8ab5da1\" data-element_type=\"container\" data-e-type=\"container\">\n\t\t\t\t\t<div class=\"e-con-inner\">\n\t\t\t\t<div class=\"elementor-element elementor-element-43371979 elementor-widget elementor-widget-gallery\" data-id=\"43371979\" data-element_type=\"widget\" data-e-type=\"widget\" data-settings=\"{&quot;gallery_layout&quot;:&quot;masonry&quot;,&quot;columns&quot;:&quot;2&quot;,&quot;content_hover_animation&quot;:&quot;exit-zoom-in&quot;,&quot;lazyload&quot;:&quot;yes&quot;,&quot;columns_tablet&quot;:2,&quot;columns_mobile&quot;:1,&quot;gap&quot;:{&quot;unit&quot;:&quot;px&quot;,&quot;size&quot;:10,&quot;sizes&quot;:[]},&quot;gap_tablet&quot;:{&quot;unit&quot;:&quot;px&quot;,&quot;size&quot;:10,&quot;sizes&quot;:[]},&quot;gap_mobile&quot;:{&quot;unit&quot;:&quot;px&quot;,&quot;size&quot;:10,&quot;sizes&quot;:[]},&quot;link_to&quot;:&quot;file&quot;,&quot;overlay_background&quot;:&quot;yes&quot;}\" data-widget_type=\"gallery.default\">\n\t\t\t\t<div class=\"elementor-widget-container\">\n\t\t\t\t\t\t\t<div class=\"elementor-gallery__container\">\n\t\t\t\t\t\t\t<a class=\"e-gallery-item elementor-gallery-item elementor-animated-content\" href=\"https:\/\/pace.berlin\/app\/uploads\/2025\/09\/freiraum3.jpg\" data-elementor-open-lightbox=\"yes\" data-elementor-lightbox-slideshow=\"43371979\" data-e-action-hash=\"#elementor-action%3Aaction%3Dlightbox%26settings%3DeyJpZCI6MzI2MywidXJsIjoiaHR0cHM6XC9cL3BhY2UuYmVybGluXC9hcHBcL3VwbG9hZHNcLzIwMjVcLzA5XC9mcmVpcmF1bTMuanBnIiwic2xpZGVzaG93IjoiNDMzNzE5NzkifQ%3D%3D\">\n\t\t\t\t\t<div class=\"e-gallery-image elementor-gallery-item__image\" data-thumbnail=\"https:\/\/pace.berlin\/app\/uploads\/2025\/09\/freiraum3-1024x683.jpg\" data-width=\"800\" data-height=\"534\" aria-label=\"PACE events Ein moderner Konferenzraum mit gro\u00dfen Fenstern, wei\u00dfen, U-f\u00f6rmig angeordneten Tischen, wei\u00dfen St\u00fchlen, schwarzem Teppich, Kabel auf dem Boden und wei\u00dfen Schr\u00e4nken an der R\u00fcckwand. Der Raum ist leer und gut mit nat\u00fcrlichem Licht beleuchtet.\" role=\"img\" ><\/div>\n\t\t\t\t\t\t\t\t\t\t\t<div class=\"elementor-gallery-item__overlay\"><\/div>\n\t\t\t\t\t\t\t\t\t\t\t\t\t\t<\/a>\n\t\t\t\t\t\t\t<a class=\"e-gallery-item elementor-gallery-item elementor-animated-content\" href=\"https:\/\/pace.berlin\/app\/uploads\/2025\/09\/freiraum2.jpg\" data-elementor-open-lightbox=\"yes\" data-elementor-lightbox-slideshow=\"43371979\" data-e-action-hash=\"#elementor-action%3Aaction%3Dlightbox%26settings%3DeyJpZCI6MzI2MSwidXJsIjoiaHR0cHM6XC9cL3BhY2UuYmVybGluXC9hcHBcL3VwbG9hZHNcLzIwMjVcLzA5XC9mcmVpcmF1bTIuanBnIiwic2xpZGVzaG93IjoiNDMzNzE5NzkifQ%3D%3D\">\n\t\t\t\t\t<div class=\"e-gallery-image elementor-gallery-item__image\" data-thumbnail=\"https:\/\/pace.berlin\/app\/uploads\/2025\/09\/freiraum2-1024x683.jpg\" data-width=\"800\" data-height=\"534\" aria-label=\"PACE events Ein moderner Konferenzraum mit einem langen wei\u00dfen Tisch, umgeben von St\u00fchlen, gro\u00dfen Fenstern auf der einen Seite und einem Flachbildfernseher an der Wand am anderen Ende. Der Raum ist durch nat\u00fcrliches Licht hell erleuchtet.\" role=\"img\" ><\/div>\n\t\t\t\t\t\t\t\t\t\t\t<div class=\"elementor-gallery-item__overlay\"><\/div>\n\t\t\t\t\t\t\t\t\t\t\t\t\t\t<\/a>\n\t\t\t\t\t<\/div>\n\t\t\t\t\t<\/div>\n\t\t\t\t<\/div>\n\t\t\t\t\t<\/div>\n\t\t\t\t<\/div>\n\t\t\t\t<\/div>\n\t\t","protected":false},"excerpt":{"rendered":"<p>Eventlocations \/ Hochhaus \/ Freiraum 18 Freiraum 18 Im 18. Stock des Axel-Springer-Hochhauses bietet der Freiraum 18 mit 110 m\u00b2 Platz f\u00fcr Meetings, Workshops oder kleinere Konferenzen. Der Raum eignet sich f\u00fcr bis zu 18 Personen und ist ausgestattet mit einer gro\u00dfen Tafel und einer Konferenzanlage. \u00a0 Geb\u00e4ude Hochhaus Etage 18. OG Nutzungsm\u00f6glichkeiten Meetings, Workshops [&hellip;]<\/p>\n","protected":false},"author":2,"featured_media":0,"parent":66,"menu_order":0,"comment_status":"closed","ping_status":"closed","template":"","meta":{"footnotes":""},"categories":[],"class_list":["post-3257","page","type-page","status-publish","hentry"],"yoast_head":"<!-- This site is optimized with the Yoast SEO plugin v27.4 - https:\/\/yoast.com\/product\/yoast-seo-wordpress\/ -->\n<title>Freiraum 18 - events by Pace<\/title>\n<meta name=\"robots\" content=\"index, follow, max-snippet:-1, max-image-preview:large, max-video-preview:-1\" \/>\n<link rel=\"canonical\" href=\"https:\/\/pace.berlin\/events\/eventlocations\/freiraum\/\" \/>\n<meta property=\"og:locale\" content=\"de_DE\" \/>\n<meta property=\"og:type\" content=\"article\" \/>\n<meta property=\"og:title\" content=\"Freiraum 18 - events by Pace\" \/>\n<meta property=\"og:description\" content=\"Eventlocations \/ Hochhaus \/ Freiraum 18 Freiraum 18 Im 18. Stock des Axel-Springer-Hochhauses bietet der Freiraum 18 mit 110 m\u00b2 Platz f\u00fcr Meetings, Workshops oder kleinere Konferenzen. Der Raum eignet sich f\u00fcr bis zu 18 Personen und ist ausgestattet mit einer gro\u00dfen Tafel und einer Konferenzanlage. \u00a0 Geb\u00e4ude Hochhaus Etage 18. OG Nutzungsm\u00f6glichkeiten Meetings, Workshops [&hellip;]\" \/>\n<meta property=\"og:url\" content=\"https:\/\/pace.berlin\/events\/eventlocations\/freiraum\/\" \/>\n<meta property=\"og:site_name\" content=\"events by Pace\" \/>\n<meta property=\"article:modified_time\" content=\"2025-10-08T10:06:35+00:00\" \/>\n<meta name=\"twitter:card\" content=\"summary_large_image\" \/>\n<meta name=\"twitter:label1\" content=\"Gesch\u00e4tzte Lesezeit\" \/>\n\t<meta name=\"twitter:data1\" content=\"1\u00a0Minute\" \/>\n<script type=\"application\/ld+json\" class=\"yoast-schema-graph\">{\"@context\":\"https:\\\/\\\/schema.org\",\"@graph\":[{\"@type\":\"WebPage\",\"@id\":\"https:\\\/\\\/pace.berlin\\\/events\\\/eventlocations\\\/freiraum\\\/\",\"url\":\"https:\\\/\\\/pace.berlin\\\/events\\\/eventlocations\\\/freiraum\\\/\",\"name\":\"Freiraum 18 - events by Pace\",\"isPartOf\":{\"@id\":\"https:\\\/\\\/pace.berlin\\\/events\\\/#website\"},\"datePublished\":\"2025-09-05T13:16:36+00:00\",\"dateModified\":\"2025-10-08T10:06:35+00:00\",\"inLanguage\":\"de\",\"potentialAction\":[{\"@type\":\"ReadAction\",\"target\":[\"https:\\\/\\\/pace.berlin\\\/events\\\/eventlocations\\\/freiraum\\\/\"]}]},{\"@type\":\"WebSite\",\"@id\":\"https:\\\/\\\/pace.berlin\\\/events\\\/#website\",\"url\":\"https:\\\/\\\/pace.berlin\\\/events\\\/\",\"name\":\"events by Pace\",\"description\":\"Wenn Events, dann mit uns\",\"potentialAction\":[{\"@type\":\"SearchAction\",\"target\":{\"@type\":\"EntryPoint\",\"urlTemplate\":\"https:\\\/\\\/pace.berlin\\\/events\\\/?s={search_term_string}\"},\"query-input\":{\"@type\":\"PropertyValueSpecification\",\"valueRequired\":true,\"valueName\":\"search_term_string\"}}],\"inLanguage\":\"de\"}]}<\/script>\n<!-- \/ Yoast SEO plugin. -->","yoast_head_json":{"title":"Freiraum 18 - events by Pace","robots":{"index":"index","follow":"follow","max-snippet":"max-snippet:-1","max-image-preview":"max-image-preview:large","max-video-preview":"max-video-preview:-1"},"canonical":"https:\/\/pace.berlin\/events\/eventlocations\/freiraum\/","og_locale":"de_DE","og_type":"article","og_title":"Freiraum 18 - events by Pace","og_description":"Eventlocations \/ Hochhaus \/ Freiraum 18 Freiraum 18 Im 18. Stock des Axel-Springer-Hochhauses bietet der Freiraum 18 mit 110 m\u00b2 Platz f\u00fcr Meetings, Workshops oder kleinere Konferenzen. Der Raum eignet sich f\u00fcr bis zu 18 Personen und ist ausgestattet mit einer gro\u00dfen Tafel und einer Konferenzanlage. \u00a0 Geb\u00e4ude Hochhaus Etage 18. OG Nutzungsm\u00f6glichkeiten Meetings, Workshops [&hellip;]","og_url":"https:\/\/pace.berlin\/events\/eventlocations\/freiraum\/","og_site_name":"events by Pace","article_modified_time":"2025-10-08T10:06:35+00:00","twitter_card":"summary_large_image","twitter_misc":{"Gesch\u00e4tzte Lesezeit":"1\u00a0Minute"},"schema":{"@context":"https:\/\/schema.org","@graph":[{"@type":"WebPage","@id":"https:\/\/pace.berlin\/events\/eventlocations\/freiraum\/","url":"https:\/\/pace.berlin\/events\/eventlocations\/freiraum\/","name":"Freiraum 18 - events by Pace","isPartOf":{"@id":"https:\/\/pace.berlin\/events\/#website"},"datePublished":"2025-09-05T13:16:36+00:00","dateModified":"2025-10-08T10:06:35+00:00","inLanguage":"de","potentialAction":[{"@type":"ReadAction","target":["https:\/\/pace.berlin\/events\/eventlocations\/freiraum\/"]}]},{"@type":"WebSite","@id":"https:\/\/pace.berlin\/events\/#website","url":"https:\/\/pace.berlin\/events\/","name":"events by Pace","description":"Wenn Events, dann mit uns","potentialAction":[{"@type":"SearchAction","target":{"@type":"EntryPoint","urlTemplate":"https:\/\/pace.berlin\/events\/?s={search_term_string}"},"query-input":{"@type":"PropertyValueSpecification","valueRequired":true,"valueName":"search_term_string"}}],"inLanguage":"de"}]}},"_links":{"self":[{"href":"https:\/\/pace.berlin\/events\/wp-json\/wp\/v2\/pages\/3257","targetHints":{"allow":["GET"]}}],"collection":[{"href":"https:\/\/pace.berlin\/events\/wp-json\/wp\/v2\/pages"}],"about":[{"href":"https:\/\/pace.berlin\/events\/wp-json\/wp\/v2\/types\/page"}],"author":[{"embeddable":true,"href":"https:\/\/pace.berlin\/events\/wp-json\/wp\/v2\/users\/2"}],"replies":[{"embeddable":true,"href":"https:\/\/pace.berlin\/events\/wp-json\/wp\/v2\/comments?post=3257"}],"version-history":[{"count":11,"href":"https:\/\/pace.berlin\/events\/wp-json\/wp\/v2\/pages\/3257\/revisions"}],"predecessor-version":[{"id":3722,"href":"https:\/\/pace.berlin\/events\/wp-json\/wp\/v2\/pages\/3257\/revisions\/3722"}],"up":[{"embeddable":true,"href":"https:\/\/pace.berlin\/events\/wp-json\/wp\/v2\/pages\/66"}],"wp:attachment":[{"href":"https:\/\/pace.berlin\/events\/wp-json\/wp\/v2\/media?parent=3257"}],"wp:term":[{"taxonomy":"category","embeddable":true,"href":"https:\/\/pace.berlin\/events\/wp-json\/wp\/v2\/categories?post=3257"}],"curies":[{"name":"wp","href":"https:\/\/api.w.org\/{rel}","templated":true}]}}