{"id":2288,"date":"2025-07-09T12:34:10","date_gmt":"2025-07-09T12:34:10","guid":{"rendered":"https:\/\/staging.pace.berlin\/events\/?page_id=2288"},"modified":"2025-09-23T19:23:14","modified_gmt":"2025-09-23T19:23:14","slug":"offene-stellen","status":"publish","type":"page","link":"https:\/\/pace.berlin\/events\/karriere\/offene-stellen\/","title":{"rendered":"Offene Stellen"},"content":{"rendered":"\t\t<div data-elementor-type=\"wp-page\" data-elementor-id=\"2288\" class=\"elementor elementor-2288\" data-elementor-post-type=\"page\">\n\t\t\t\t<div class=\"elementor-element elementor-element-48a6409c e-grid e-con-full fullsize-video hero-h1-normal e-con e-parent\" data-id=\"48a6409c\" data-element_type=\"container\" data-e-type=\"container\" data-settings=\"{&quot;background_background&quot;:&quot;gradient&quot;}\">\n\t\t<div class=\"elementor-element elementor-element-23afed72 e-grid e-con-boxed e-con e-child\" data-id=\"23afed72\" data-element_type=\"container\" data-e-type=\"container\">\n\t\t\t\t\t<div class=\"e-con-inner\">\n\t\t\t\t<div class=\"elementor-element elementor-element-5ae004d3 head_breadcrumb elementor-widget elementor-widget-text-editor\" data-id=\"5ae004d3\" data-element_type=\"widget\" data-e-type=\"widget\" data-widget_type=\"text-editor.default\">\n\t\t\t\t<div class=\"elementor-widget-container\">\n\t\t\t\t\t\t\t\t\t<p><a href=\"https:\/\/pace.berlin\/events\/karriere\/\">Karriere<\/a><\/p>\t\t\t\t\t\t\t\t<\/div>\n\t\t\t\t<\/div>\n\t\t\t\t<div class=\"elementor-element elementor-element-5f7538ad elementor-widget elementor-widget-heading\" data-id=\"5f7538ad\" data-element_type=\"widget\" data-e-type=\"widget\" data-widget_type=\"heading.default\">\n\t\t\t\t<div class=\"elementor-widget-container\">\n\t\t\t\t\t<h1 class=\"elementor-heading-title elementor-size-default\">OFFENE STELLEN BEI EVENTS BY PACE  <\/h1>\t\t\t\t<\/div>\n\t\t\t\t<\/div>\n\t\t\t\t\t<\/div>\n\t\t\t\t<\/div>\n\t\t<div class=\"elementor-element elementor-element-83e2411 e-grid e-con-boxed e-con e-child\" data-id=\"83e2411\" data-element_type=\"container\" data-e-type=\"container\">\n\t\t\t\t\t<div class=\"e-con-inner\">\n\t\t\t\t<div class=\"elementor-element elementor-element-b01f137 elementor-widget elementor-widget-html\" data-id=\"b01f137\" data-element_type=\"widget\" data-e-type=\"widget\" data-widget_type=\"html.default\">\n\t\t\t\t<div class=\"elementor-widget-container\">\n\t\t\t\t\t[borlabs-cookie id=\"smartrecruiters\" type=\"content-blocker\"]\n<div class=\"smartrecruiters table-scroll sr-jobs\" role=\"region\" aria-label=\"Eventlocations Tabelle\" tabindex=\"0\">\n  <script type=\"text\/javascript\" class=\"job_widget\">\n  var script = document.createElement('script');\n          script.src = \"https:\/\/static.smartrecruiters.com\/job-widget\/1.7.2\/script\/smart_widget.js\";\n          script.type = \"text\/javascript\";\n          \n          \/\/ Skript zum DOM hinzuf\u00fcgen\n          document.querySelector('.smartrecruiters').appendChild(script);\n  script.onload = function () {\n            widget({\n              \"company_code\": \"PACEPaparazziCateringEventGmbH\",\n      \"bg_color_widget\": \"transparent\",\n      \"bg_color_headers\": \"transparent\",\n      \"bg_color_links\": \"#ffffffa3\",\n      \"txt_color_headers\": \"#000\",\n      \"txt_color_job\": \"#000f\",\n      \"bg_color_even_row\": \"transparent\",\n      \"bg_color_odd_row\": \"transparent\",\n      \"auto_width\": \"auto\",\n      \"auto_height\": \"auto\",\n      \"number\": \"on\",\n      \"job_title\": \"true\",\n      \"type_of_employment\": \"true\",\n      \"department\": \"true\",\n      \"dateFormat\": \"us\",\n      \"remove_headers\": \"false\",\n          \"filter_departments\": [\n        \"3133617\",\n        \"3133634\"\n    ],\n      \"departments_field_id\": \"60f94c3fc231f91992bf6c7e\",\n      \"jobAdType\": \"PUBLIC\",\n      \"trid\": \"\",\n      \"api_url\": \"https:\/\/www.smartrecruiters.com\"\n            });\n          };\n  <\/script>\n<\/div>\n[\/borlabs-cookie]\n\t\t\t\t<\/div>\n\t\t\t\t<\/div>\n\t\t\t\t\t<\/div>\n\t\t\t\t<\/div>\n\t\t\t\t<\/div>\n\t\t<div class=\"elementor-element elementor-element-e7c8675 e-flex e-con-boxed e-con e-parent\" data-id=\"e7c8675\" data-element_type=\"container\" data-e-type=\"container\">\n\t\t\t\t\t<div class=\"e-con-inner\">\n\t\t<div class=\"elementor-element elementor-element-26350fc e-con-full e-flex e-con e-child\" data-id=\"26350fc\" data-element_type=\"container\" data-e-type=\"container\">\n\t\t\t\t<div class=\"elementor-element elementor-element-6bb88d1 elementor-widget elementor-widget-heading\" data-id=\"6bb88d1\" data-element_type=\"widget\" data-e-type=\"widget\" data-widget_type=\"heading.default\">\n\t\t\t\t<div class=\"elementor-widget-container\">\n\t\t\t\t\t<h2 class=\"elementor-heading-title elementor-size-default\">Event, Event, und ein Team das daf\u00fcr brennt<\/h2>\t\t\t\t<\/div>\n\t\t\t\t<\/div>\n\t\t\t\t<div class=\"elementor-element elementor-element-1967397 elementor-widget elementor-widget-text-editor\" data-id=\"1967397\" data-element_type=\"widget\" data-e-type=\"widget\" data-widget_type=\"text-editor.default\">\n\t\t\t\t<div class=\"elementor-widget-container\">\n\t\t\t\t\t\t\t\t\t<p>Der Eventbereich von PACE ist ein eigenst\u00e4ndiger, starker Zweig mit mehr als 20 Mitarbeitenden, die jedes Jahr um die 600 Events konzipieren, planen und realisieren.<\/p><p>Unsere Referenzen reichen von gro\u00dfen Gala-Veranstaltungen wie EIN HERZ F\u00dcR KINDER u\u0308ber hochkar\u00e4tige Konferenzen wie den WELT-Wirtschaftsgipfel bis hin zu Promotions, Messeauftritten und gro\u00dfen Corporate Events. Die Frage nach Gr\u00f6\u00dfe stellt sich bei uns nicht. <strong>Schau\u202fhier\u202fnach unseren Projekten:<\/strong><\/p>\t\t\t\t\t\t\t\t<\/div>\n\t\t\t\t<\/div>\n\t\t\t\t<div class=\"elementor-element elementor-element-7135630 elementor-grid-3 elementor-grid-tablet-2 elementor-grid-mobile-1 elementor-widget elementor-widget-portfolio\" data-id=\"7135630\" data-element_type=\"widget\" data-e-type=\"widget\" data-settings=\"{&quot;row_gap&quot;:{&quot;unit&quot;:&quot;px&quot;,&quot;size&quot;:&quot;15&quot;,&quot;sizes&quot;:[]},&quot;item_ratio&quot;:{&quot;unit&quot;:&quot;px&quot;,&quot;size&quot;:&quot;1&quot;,&quot;sizes&quot;:[]},&quot;columns&quot;:&quot;3&quot;,&quot;columns_tablet&quot;:&quot;2&quot;,&quot;columns_mobile&quot;:&quot;1&quot;,&quot;item_gap&quot;:{&quot;unit&quot;:&quot;px&quot;,&quot;size&quot;:&quot;&quot;,&quot;sizes&quot;:[]}}\" data-widget_type=\"portfolio.default\">\n\t\t\t\t<div class=\"elementor-widget-container\">\n\t\t\t\t\t\t\t<div class=\"elementor-portfolio elementor-grid elementor-posts-container\" role=\"list\">\n\t\t\t\t<article class=\"elementor-portfolio-item elementor-post elementor-filter-15 elementor-filter-13 post-2848 page type-page status-publish has-post-thumbnail hentry category-fuer-mitarbeitende category-veranstaltungen\" role=\"listitem\">\n\t\t\t<a class=\"elementor-post__thumbnail__link\" href=\"https:\/\/pace.berlin\/events\/veranstaltungen\/media-techcon\/\">\n\t\t\t\t<div class=\"elementor-portfolio-item__img elementor-post__thumbnail\">\n\t\t\t<img loading=\"lazy\" decoding=\"async\" width=\"1920\" height=\"1280\" src=\"https:\/\/pace.berlin\/app\/uploads\/2025\/08\/AS-MTC-24_by_www.introduce.berlin__E0A7842-1920x1280.jpg\" class=\"attachment-fullhd size-fullhd wp-image-2869\" alt=\"PACE events Drei Personen unterhalten sich an einem Stand auf einer Technologiekonferenz mit Brosch\u00fcren, Markenh\u00fcten und einem gro\u00dfen Bildschirm mit der Aufschrift &quot;Unsere Mission: Wir helfen Unternehmen.&quot; Eine Person steht hinter dem Stand und l\u00e4chelt zwei Teilnehmerinnen an.\" srcset=\"https:\/\/pace.berlin\/app\/uploads\/2025\/08\/AS-MTC-24_by_www.introduce.berlin__E0A7842-1920x1280.jpg 1920w, https:\/\/pace.berlin\/app\/uploads\/2025\/08\/AS-MTC-24_by_www.introduce.berlin__E0A7842-300x200.jpg 300w, https:\/\/pace.berlin\/app\/uploads\/2025\/08\/AS-MTC-24_by_www.introduce.berlin__E0A7842-1024x682.jpg 1024w, https:\/\/pace.berlin\/app\/uploads\/2025\/08\/AS-MTC-24_by_www.introduce.berlin__E0A7842-768x512.jpg 768w, https:\/\/pace.berlin\/app\/uploads\/2025\/08\/AS-MTC-24_by_www.introduce.berlin__E0A7842-1536x1024.jpg 1536w, https:\/\/pace.berlin\/app\/uploads\/2025\/08\/AS-MTC-24_by_www.introduce.berlin__E0A7842.jpg 2000w\" sizes=\"auto, (max-width: 1920px) 100vw, 1920px\" \/>\t\t<\/div>\n\t\t\t\t<div class=\"elementor-portfolio-item__overlay\">\n\t\t\t\t<h3 class=\"elementor-portfolio-item__title\">\n\t\tMEDIA &amp; TECHCON\t\t<\/h3>\n\t\t\t\t<\/div>\n\t\t\t\t<\/a>\n\t\t<\/article>\n\t\t\t\t<article class=\"elementor-portfolio-item elementor-post elementor-filter-22 elementor-filter-13 post-2830 page type-page status-publish has-post-thumbnail hentry category-konferenz category-veranstaltungen\" role=\"listitem\">\n\t\t\t<a class=\"elementor-post__thumbnail__link\" href=\"https:\/\/pace.berlin\/events\/veranstaltungen\/weltwirtschaftsgipfel\/\">\n\t\t\t\t<div class=\"elementor-portfolio-item__img elementor-post__thumbnail\">\n\t\t\t<img loading=\"lazy\" decoding=\"async\" width=\"1920\" height=\"1280\" src=\"https:\/\/pace.berlin\/app\/uploads\/2025\/08\/weltwirtschaftsgipfel05-1920x1280.jpg\" class=\"attachment-fullhd size-fullhd wp-image-2834\" alt=\"PACE events Ein gro\u00dfer Konferenzraum mit vielen Menschen in Anz\u00fcgen, die um einen runden Tisch sitzen und auf eine B\u00fchne blicken, auf der Redner vor einem gro\u00dfen Bildschirm mit der Aufschrift &quot;WELT Wirtschaftsgipfel&quot; pr\u00e4sentieren.\" srcset=\"https:\/\/pace.berlin\/app\/uploads\/2025\/08\/weltwirtschaftsgipfel05-1920x1280.jpg 1920w, https:\/\/pace.berlin\/app\/uploads\/2025\/08\/weltwirtschaftsgipfel05-300x200.jpg 300w, https:\/\/pace.berlin\/app\/uploads\/2025\/08\/weltwirtschaftsgipfel05-1024x683.jpg 1024w, https:\/\/pace.berlin\/app\/uploads\/2025\/08\/weltwirtschaftsgipfel05-768x512.jpg 768w, https:\/\/pace.berlin\/app\/uploads\/2025\/08\/weltwirtschaftsgipfel05-1536x1024.jpg 1536w, https:\/\/pace.berlin\/app\/uploads\/2025\/08\/weltwirtschaftsgipfel05.jpg 1980w\" sizes=\"auto, (max-width: 1920px) 100vw, 1920px\" \/>\t\t<\/div>\n\t\t\t\t<div class=\"elementor-portfolio-item__overlay\">\n\t\t\t\t<h3 class=\"elementor-portfolio-item__title\">\n\t\tWELT-Wirtschaftsgipfel\t\t<\/h3>\n\t\t\t\t<\/div>\n\t\t\t\t<\/a>\n\t\t<\/article>\n\t\t\t\t<article class=\"elementor-portfolio-item elementor-post elementor-filter-22 elementor-filter-13 post-2804 page type-page status-publish has-post-thumbnail hentry category-konferenz category-veranstaltungen\" role=\"listitem\">\n\t\t\t<a class=\"elementor-post__thumbnail__link\" href=\"https:\/\/pace.berlin\/events\/veranstaltungen\/startup-teens\/\">\n\t\t\t\t<div class=\"elementor-portfolio-item__img elementor-post__thumbnail\">\n\t\t\t<img loading=\"lazy\" decoding=\"async\" width=\"1919\" height=\"1280\" src=\"https:\/\/pace.berlin\/app\/uploads\/2025\/08\/startup-teens01.jpg\" class=\"attachment-fullhd size-fullhd wp-image-2821\" alt=\"PACE events Eine Person h\u00e4lt eine Troph\u00e4e mit der Aufschrift STARTUP TEENS. Auf dem Sockel steht STARTUP TEENS FINALE 2024 1. Platz Bildung. Die Buchstaben der Troph\u00e4e sind schwarz und blau, und die Person hat lackierte N\u00e4gel und ein Tattoo am Handgelenk.\" srcset=\"https:\/\/pace.berlin\/app\/uploads\/2025\/08\/startup-teens01.jpg 1920w, https:\/\/pace.berlin\/app\/uploads\/2025\/08\/startup-teens01-300x200.jpg 300w, https:\/\/pace.berlin\/app\/uploads\/2025\/08\/startup-teens01-1024x683.jpg 1024w, https:\/\/pace.berlin\/app\/uploads\/2025\/08\/startup-teens01-768x512.jpg 768w, https:\/\/pace.berlin\/app\/uploads\/2025\/08\/startup-teens01-1536x1025.jpg 1536w\" sizes=\"auto, (max-width: 1919px) 100vw, 1919px\" \/>\t\t<\/div>\n\t\t\t\t<div class=\"elementor-portfolio-item__overlay\">\n\t\t\t\t<h3 class=\"elementor-portfolio-item__title\">\n\t\tSTARTUP TEENS\t\t<\/h3>\n\t\t\t\t<\/div>\n\t\t\t\t<\/a>\n\t\t<\/article>\n\t\t\t\t<\/div>\n\t\t\t\t\t\t<\/div>\n\t\t\t\t<\/div>\n\t\t\t\t<\/div>\n\t\t\t\t\t<\/div>\n\t\t\t\t<\/div>\n\t\t<div class=\"elementor-element elementor-element-b621ff3 e-flex e-con-boxed e-con e-parent\" data-id=\"b621ff3\" data-element_type=\"container\" data-e-type=\"container\">\n\t\t\t\t\t<div class=\"e-con-inner\">\n\t\t<div class=\"elementor-element elementor-element-b830e55 e-con-full e-flex e-con e-child\" data-id=\"b830e55\" data-element_type=\"container\" data-e-type=\"container\">\n\t\t\t\t<div class=\"elementor-element elementor-element-93c8d93 elementor-widget elementor-widget-heading\" data-id=\"93c8d93\" data-element_type=\"widget\" data-e-type=\"widget\" data-widget_type=\"heading.default\">\n\t\t\t\t<div class=\"elementor-widget-container\">\n\t\t\t\t\t<h2 class=\"elementor-heading-title elementor-size-default\">Unser team<\/h2>\t\t\t\t<\/div>\n\t\t\t\t<\/div>\n\t\t<div class=\"elementor-element elementor-element-5ac50ae e-grid e-con-full e-con e-child\" data-id=\"5ac50ae\" data-element_type=\"container\" data-e-type=\"container\">\n\t\t\t\t<div class=\"elementor-element elementor-element-66dba35 elementor-grid-2 elementor-grid-mobile-2 elementor-grid-tablet-2 elementor-widget elementor-widget-portfolio\" data-id=\"66dba35\" data-element_type=\"widget\" data-e-type=\"widget\" data-settings=\"{&quot;columns&quot;:&quot;2&quot;,&quot;item_ratio&quot;:{&quot;unit&quot;:&quot;px&quot;,&quot;size&quot;:&quot;1&quot;,&quot;sizes&quot;:[]},&quot;row_gap&quot;:{&quot;unit&quot;:&quot;px&quot;,&quot;size&quot;:&quot;25&quot;,&quot;sizes&quot;:[]},&quot;columns_mobile&quot;:&quot;2&quot;,&quot;columns_tablet&quot;:&quot;2&quot;,&quot;item_gap&quot;:{&quot;unit&quot;:&quot;px&quot;,&quot;size&quot;:&quot;&quot;,&quot;sizes&quot;:[]}}\" data-widget_type=\"portfolio.default\">\n\t\t\t\t<div class=\"elementor-widget-container\">\n\t\t\t\t\t\t\t<div class=\"elementor-portfolio elementor-grid elementor-posts-container\" role=\"list\">\n\t\t\t\t<article class=\"elementor-portfolio-item elementor-post  post-1985 team_member type-team_member status-publish has-post-thumbnail hentry\" role=\"listitem\">\n\t\t\t<a class=\"elementor-post__thumbnail__link\" href=\"https:\/\/pace.berlin\/events\/?team_member=xenia-sutugina\">\n\t\t\t\t<div class=\"elementor-portfolio-item__img elementor-post__thumbnail\">\n\t\t\t<img loading=\"lazy\" decoding=\"async\" width=\"150\" height=\"150\" src=\"https:\/\/pace.berlin\/app\/uploads\/2025\/06\/MicrosoftTeams-image-213-150x150.png\" class=\"attachment-thumbnail size-thumbnail wp-image-1986\" alt=\"PACE events Eine Frau mit langen, glatten Haaren l\u00e4chelt in die Kamera. Sie tr\u00e4gt einen Blazer \u00fcber einem hellen Oberteil und ist vor einem schlichten, dunklen Hintergrund zu sehen. Das Bild ist in schwarz-wei\u00df gehalten.\" srcset=\"https:\/\/pace.berlin\/app\/uploads\/2025\/06\/MicrosoftTeams-image-213-150x150.png 150w, https:\/\/pace.berlin\/app\/uploads\/2025\/06\/MicrosoftTeams-image-213-300x300.png 300w, https:\/\/pace.berlin\/app\/uploads\/2025\/06\/MicrosoftTeams-image-213-768x768.png 768w, https:\/\/pace.berlin\/app\/uploads\/2025\/06\/MicrosoftTeams-image-213.png 1000w\" sizes=\"auto, (max-width: 150px) 100vw, 150px\" \/>\t\t<\/div>\n\t\t\t\t<div class=\"elementor-portfolio-item__overlay\">\n\t\t\t\t<h3 class=\"elementor-portfolio-item__title\">\n\t\tXenia Sutugina\t\t<\/h3>\n\t\t\t\t<\/div>\n\t\t\t\t<\/a>\n\t\t<\/article>\n\t\t\t\t<article class=\"elementor-portfolio-item elementor-post  post-2061 team_member type-team_member status-publish has-post-thumbnail hentry\" role=\"listitem\">\n\t\t\t<a class=\"elementor-post__thumbnail__link\" href=\"https:\/\/pace.berlin\/events\/?team_member=vanessa-kerth\">\n\t\t\t\t<div class=\"elementor-portfolio-item__img elementor-post__thumbnail\">\n\t\t\t<img loading=\"lazy\" decoding=\"async\" width=\"150\" height=\"150\" src=\"https:\/\/pace.berlin\/app\/uploads\/2025\/06\/Vanessa-Kerth2-150x150.jpg\" class=\"attachment-thumbnail size-thumbnail wp-image-2062\" alt=\"PACE events Schwarz-Wei\u00df-Portr\u00e4t einer jungen Frau mit langem, glattem Haar und neutralem Gesichtsausdruck, die vor einem schlichten schwarzen Hintergrund direkt in die Kamera schaut.\" srcset=\"https:\/\/pace.berlin\/app\/uploads\/2025\/06\/Vanessa-Kerth2-150x150.jpg 150w, https:\/\/pace.berlin\/app\/uploads\/2025\/06\/Vanessa-Kerth2-300x300.jpg 300w, https:\/\/pace.berlin\/app\/uploads\/2025\/06\/Vanessa-Kerth2-768x768.jpg 768w, https:\/\/pace.berlin\/app\/uploads\/2025\/06\/Vanessa-Kerth2.jpg 1000w\" sizes=\"auto, (max-width: 150px) 100vw, 150px\" \/>\t\t<\/div>\n\t\t\t\t<div class=\"elementor-portfolio-item__overlay\">\n\t\t\t\t<h3 class=\"elementor-portfolio-item__title\">\n\t\tVanessa Kerth\t\t<\/h3>\n\t\t\t\t<\/div>\n\t\t\t\t<\/a>\n\t\t<\/article>\n\t\t\t\t<\/div>\n\t\t\t\t\t\t<\/div>\n\t\t\t\t<\/div>\n\t\t\t\t<div class=\"elementor-element elementor-element-1c44de4 elementor-widget elementor-widget-text-editor\" data-id=\"1c44de4\" data-element_type=\"widget\" data-e-type=\"widget\" data-widget_type=\"text-editor.default\">\n\t\t\t\t<div class=\"elementor-widget-container\">\n\t\t\t\t\t\t\t\t\t<p>Bei uns arbeiten Eventmanager, Veranstaltungsassistenten, KonzeptionerInnen, Art DirektorInnen, G\u00e4stemanager, Azubis und Admins. Nur Du fehlst noch!<\/p>\t\t\t\t\t\t\t\t<\/div>\n\t\t\t\t<\/div>\n\t\t\t\t<\/div>\n\t\t\t\t<div class=\"elementor-element elementor-element-bebc738 elementor-align-center elementor-widget elementor-widget-button\" data-id=\"bebc738\" data-element_type=\"widget\" data-e-type=\"widget\" data-widget_type=\"button.default\">\n\t\t\t\t<div class=\"elementor-widget-container\">\n\t\t\t\t\t\t\t\t\t<div class=\"elementor-button-wrapper\">\n\t\t\t\t\t<a class=\"elementor-button elementor-button-link elementor-size-sm\" href=\"https:\/\/jobs.smartrecruiters.com\/oneclick-ui\/company\/PACEPaparazziCateringEventGmbH\/job\/1862278426?lang=de&#038;sid=\">\n\t\t\t\t\t\t<span class=\"elementor-button-content-wrapper\">\n\t\t\t\t\t\t\t\t\t<span class=\"elementor-button-text\">Bewirb Dich jetzt<\/span>\n\t\t\t\t\t<\/span>\n\t\t\t\t\t<\/a>\n\t\t\t\t<\/div>\n\t\t\t\t\t\t\t\t<\/div>\n\t\t\t\t<\/div>\n\t\t\t\t<div class=\"elementor-element elementor-element-503070a elementor-widget elementor-widget-text-editor\" data-id=\"503070a\" data-element_type=\"widget\" data-e-type=\"widget\" data-widget_type=\"text-editor.default\">\n\t\t\t\t<div class=\"elementor-widget-container\">\n\t\t\t\t\t\t\t\t\t<p><a href=\"https:\/\/pace.berlin\/events\/karriere\/\">Warum sollte ich bei PACE arbeiten?<\/a><\/p>\t\t\t\t\t\t\t\t<\/div>\n\t\t\t\t<\/div>\n\t\t\t\t<\/div>\n\t\t\t\t\t<\/div>\n\t\t\t\t<\/div>\n\t\t\t\t<\/div>\n\t\t","protected":false},"excerpt":{"rendered":"<p>Als Teil der PACE-Family profitierst Du von den vielen Vorteilen, die wir unseren Mitarbeiter:innen bieten.<\/p>\n","protected":false},"author":2,"featured_media":0,"parent":732,"menu_order":0,"comment_status":"closed","ping_status":"closed","template":"","meta":{"footnotes":""},"categories":[],"class_list":["post-2288","page","type-page","status-publish","hentry"],"yoast_head":"<!-- This site is optimized with the Yoast SEO plugin v27.4 - https:\/\/yoast.com\/product\/yoast-seo-wordpress\/ -->\n<title>Offene Stellen - events by Pace<\/title>\n<meta name=\"robots\" content=\"index, follow, max-snippet:-1, max-image-preview:large, max-video-preview:-1\" \/>\n<link rel=\"canonical\" href=\"https:\/\/pace.berlin\/events\/karriere\/offene-stellen\/\" \/>\n<meta property=\"og:locale\" content=\"de_DE\" \/>\n<meta property=\"og:type\" content=\"article\" \/>\n<meta property=\"og:title\" content=\"Offene Stellen - events by Pace\" \/>\n<meta property=\"og:description\" content=\"Als Teil der PACE-Family profitierst Du von den vielen Vorteilen, die wir unseren Mitarbeiter:innen bieten.\" \/>\n<meta property=\"og:url\" content=\"https:\/\/pace.berlin\/events\/karriere\/offene-stellen\/\" \/>\n<meta property=\"og:site_name\" content=\"events by Pace\" \/>\n<meta property=\"article:modified_time\" content=\"2025-09-23T19:23:14+00:00\" \/>\n<meta name=\"twitter:card\" content=\"summary_large_image\" \/>\n<meta name=\"twitter:label1\" content=\"Gesch\u00e4tzte Lesezeit\" \/>\n\t<meta name=\"twitter:data1\" content=\"2\u00a0Minuten\" \/>\n<script type=\"application\/ld+json\" class=\"yoast-schema-graph\">{\"@context\":\"https:\\\/\\\/schema.org\",\"@graph\":[{\"@type\":\"WebPage\",\"@id\":\"https:\\\/\\\/pace.berlin\\\/events\\\/karriere\\\/offene-stellen\\\/\",\"url\":\"https:\\\/\\\/pace.berlin\\\/events\\\/karriere\\\/offene-stellen\\\/\",\"name\":\"Offene Stellen - events by Pace\",\"isPartOf\":{\"@id\":\"https:\\\/\\\/pace.berlin\\\/events\\\/#website\"},\"datePublished\":\"2025-07-09T12:34:10+00:00\",\"dateModified\":\"2025-09-23T19:23:14+00:00\",\"breadcrumb\":{\"@id\":\"https:\\\/\\\/pace.berlin\\\/events\\\/karriere\\\/offene-stellen\\\/#breadcrumb\"},\"inLanguage\":\"de\",\"potentialAction\":[{\"@type\":\"ReadAction\",\"target\":[\"https:\\\/\\\/pace.berlin\\\/events\\\/karriere\\\/offene-stellen\\\/\"]}]},{\"@type\":\"BreadcrumbList\",\"@id\":\"https:\\\/\\\/pace.berlin\\\/events\\\/karriere\\\/offene-stellen\\\/#breadcrumb\",\"itemListElement\":[{\"@type\":\"ListItem\",\"position\":1,\"name\":\"Karriere\",\"item\":\"https:\\\/\\\/staging.pace.berlin\\\/events\\\/karriere\\\/\"},{\"@type\":\"ListItem\",\"position\":2,\"name\":\"Offene Stellen\"}]},{\"@type\":\"WebSite\",\"@id\":\"https:\\\/\\\/pace.berlin\\\/events\\\/#website\",\"url\":\"https:\\\/\\\/pace.berlin\\\/events\\\/\",\"name\":\"events by Pace\",\"description\":\"Wenn Events, dann mit uns\",\"potentialAction\":[{\"@type\":\"SearchAction\",\"target\":{\"@type\":\"EntryPoint\",\"urlTemplate\":\"https:\\\/\\\/pace.berlin\\\/events\\\/?s={search_term_string}\"},\"query-input\":{\"@type\":\"PropertyValueSpecification\",\"valueRequired\":true,\"valueName\":\"search_term_string\"}}],\"inLanguage\":\"de\"}]}<\/script>\n<!-- \/ Yoast SEO plugin. -->","yoast_head_json":{"title":"Offene Stellen - events by Pace","robots":{"index":"index","follow":"follow","max-snippet":"max-snippet:-1","max-image-preview":"max-image-preview:large","max-video-preview":"max-video-preview:-1"},"canonical":"https:\/\/pace.berlin\/events\/karriere\/offene-stellen\/","og_locale":"de_DE","og_type":"article","og_title":"Offene Stellen - events by Pace","og_description":"Als Teil der PACE-Family profitierst Du von den vielen Vorteilen, die wir unseren Mitarbeiter:innen bieten.","og_url":"https:\/\/pace.berlin\/events\/karriere\/offene-stellen\/","og_site_name":"events by Pace","article_modified_time":"2025-09-23T19:23:14+00:00","twitter_card":"summary_large_image","twitter_misc":{"Gesch\u00e4tzte Lesezeit":"2\u00a0Minuten"},"schema":{"@context":"https:\/\/schema.org","@graph":[{"@type":"WebPage","@id":"https:\/\/pace.berlin\/events\/karriere\/offene-stellen\/","url":"https:\/\/pace.berlin\/events\/karriere\/offene-stellen\/","name":"Offene Stellen - events by Pace","isPartOf":{"@id":"https:\/\/pace.berlin\/events\/#website"},"datePublished":"2025-07-09T12:34:10+00:00","dateModified":"2025-09-23T19:23:14+00:00","breadcrumb":{"@id":"https:\/\/pace.berlin\/events\/karriere\/offene-stellen\/#breadcrumb"},"inLanguage":"de","potentialAction":[{"@type":"ReadAction","target":["https:\/\/pace.berlin\/events\/karriere\/offene-stellen\/"]}]},{"@type":"BreadcrumbList","@id":"https:\/\/pace.berlin\/events\/karriere\/offene-stellen\/#breadcrumb","itemListElement":[{"@type":"ListItem","position":1,"name":"Karriere","item":"https:\/\/staging.pace.berlin\/events\/karriere\/"},{"@type":"ListItem","position":2,"name":"Offene Stellen"}]},{"@type":"WebSite","@id":"https:\/\/pace.berlin\/events\/#website","url":"https:\/\/pace.berlin\/events\/","name":"events by Pace","description":"Wenn Events, dann mit uns","potentialAction":[{"@type":"SearchAction","target":{"@type":"EntryPoint","urlTemplate":"https:\/\/pace.berlin\/events\/?s={search_term_string}"},"query-input":{"@type":"PropertyValueSpecification","valueRequired":true,"valueName":"search_term_string"}}],"inLanguage":"de"}]}},"_links":{"self":[{"href":"https:\/\/pace.berlin\/events\/wp-json\/wp\/v2\/pages\/2288","targetHints":{"allow":["GET"]}}],"collection":[{"href":"https:\/\/pace.berlin\/events\/wp-json\/wp\/v2\/pages"}],"about":[{"href":"https:\/\/pace.berlin\/events\/wp-json\/wp\/v2\/types\/page"}],"author":[{"embeddable":true,"href":"https:\/\/pace.berlin\/events\/wp-json\/wp\/v2\/users\/2"}],"replies":[{"embeddable":true,"href":"https:\/\/pace.berlin\/events\/wp-json\/wp\/v2\/comments?post=2288"}],"version-history":[{"count":19,"href":"https:\/\/pace.berlin\/events\/wp-json\/wp\/v2\/pages\/2288\/revisions"}],"predecessor-version":[{"id":3636,"href":"https:\/\/pace.berlin\/events\/wp-json\/wp\/v2\/pages\/2288\/revisions\/3636"}],"up":[{"embeddable":true,"href":"https:\/\/pace.berlin\/events\/wp-json\/wp\/v2\/pages\/732"}],"wp:attachment":[{"href":"https:\/\/pace.berlin\/events\/wp-json\/wp\/v2\/media?parent=2288"}],"wp:term":[{"taxonomy":"category","embeddable":true,"href":"https:\/\/pace.berlin\/events\/wp-json\/wp\/v2\/categories?post=2288"}],"curies":[{"name":"wp","href":"https:\/\/api.w.org\/{rel}","templated":true}]}}