{"id":3684,"date":"2025-09-23T22:08:09","date_gmt":"2025-09-23T22:08:09","guid":{"rendered":"https:\/\/pace.berlin\/events\/declaration-on-accessibility\/"},"modified":"2025-09-25T12:27:55","modified_gmt":"2025-09-25T12:27:55","slug":"declaration-on-accessibility","status":"publish","type":"page","link":"https:\/\/pace.berlin\/events\/en\/declaration-on-accessibility\/","title":{"rendered":"Declaration on accessibility"},"content":{"rendered":"\t\t<div data-elementor-type=\"wp-page\" data-elementor-id=\"3684\" class=\"elementor elementor-3684 elementor-3652\" data-elementor-post-type=\"page\">\n\t\t\t\t<div class=\"elementor-element elementor-element-79b33a4 e-grid e-con-boxed e-con e-parent\" data-id=\"79b33a4\" data-element_type=\"container\" data-e-type=\"container\">\n\t\t\t\t\t<div class=\"e-con-inner\">\n\t\t\t\t<div class=\"elementor-element elementor-element-a1b744e elementor-widget elementor-widget-heading\" data-id=\"a1b744e\" data-element_type=\"widget\" data-e-type=\"widget\" data-widget_type=\"heading.default\">\n\t\t\t\t<div class=\"elementor-widget-container\">\n\t\t\t\t\t<h1 class=\"elementor-heading-title elementor-size-default\">Declaration on accessibility<\/h1>\t\t\t\t<\/div>\n\t\t\t\t<\/div>\n\t\t\t\t<div class=\"elementor-element elementor-element-fa0739f elementor-widget elementor-widget-text-editor\" data-id=\"fa0739f\" data-element_type=\"widget\" data-e-type=\"widget\" data-widget_type=\"text-editor.default\">\n\t\t\t\t<div class=\"elementor-widget-container\">\n\t\t\t\t\t\t\t\t\t<p>PACE Paparazzi Catering &amp; Event GmbH endeavors to make its websites accessible in accordance with the regulations applicable in Berlin, e.g. &#8220;Barrier-free Information Technology Ordinance (BITV 2.0)&#8221; or &#8220;Barrier-free Information Technology Directive of the State of Berlin&#8221;.<\/p><p>This declaration on accessibility applies to https:\/\/pace.berlin\/<\/p>\t\t\t\t\t\t\t\t<\/div>\n\t\t\t\t<\/div>\n\t\t\t\t<div class=\"elementor-element elementor-element-98f3af1 elementor-widget elementor-widget-heading\" data-id=\"98f3af1\" data-element_type=\"widget\" data-e-type=\"widget\" data-widget_type=\"heading.default\">\n\t\t\t\t<div class=\"elementor-widget-container\">\n\t\t\t\t\t<h2 class=\"elementor-heading-title elementor-size-default\">Status of compatibility with the requirements<\/h2>\t\t\t\t<\/div>\n\t\t\t\t<\/div>\n\t\t\t\t<div class=\"elementor-element elementor-element-720a225 elementor-widget elementor-widget-text-editor\" data-id=\"720a225\" data-element_type=\"widget\" data-e-type=\"widget\" data-widget_type=\"text-editor.default\">\n\t\t\t\t<div class=\"elementor-widget-container\">\n\t\t\t\t\t\t\t\t\t<p>This website is fully compliant with Web Content Accessibility Guidelines version 2.1 (WCAG) and BITV 2.0.<\/p>\t\t\t\t\t\t\t\t<\/div>\n\t\t\t\t<\/div>\n\t\t\t\t<div class=\"elementor-element elementor-element-600d952 elementor-widget elementor-widget-heading\" data-id=\"600d952\" data-element_type=\"widget\" data-e-type=\"widget\" data-widget_type=\"heading.default\">\n\t\t\t\t<div class=\"elementor-widget-container\">\n\t\t\t\t\t<h2 class=\"elementor-heading-title elementor-size-default\">Known restrictions<\/h2>\t\t\t\t<\/div>\n\t\t\t\t<\/div>\n\t\t\t\t<div class=\"elementor-element elementor-element-c9b699a elementor-widget elementor-widget-text-editor\" data-id=\"c9b699a\" data-element_type=\"widget\" data-e-type=\"widget\" data-widget_type=\"text-editor.default\">\n\t\t\t\t<div class=\"elementor-widget-container\">\n\t\t\t\t\t\t\t\t\t<ol><li>Colors, contrasts that are not in the corporate design of the PACE Paparazzi Catering &amp; Event GmbH School CDs: A contrast variant has been created for this purpose, which you can activate using the &#8220;Increase contrast&#8221; button.<\/li><li>all HTML5 videos are only integrated as background decoration videos without audio description, full text alternatives and control bars and can be paused via the &#8220;stop all animation&#8221; button; unfortunately, subtitling cannot be displayed for economic reasons.<\/li><li>All YouTube videos in blog articles are only provided with automatically generated subtitles; unfortunately, audio description and full text alternatives cannot be displayed for economic reasons.<\/li><\/ol>\t\t\t\t\t\t\t\t<\/div>\n\t\t\t\t<\/div>\n\t\t\t\t<div class=\"elementor-element elementor-element-f6cae00 elementor-widget elementor-widget-heading\" data-id=\"f6cae00\" data-element_type=\"widget\" data-e-type=\"widget\" data-widget_type=\"heading.default\">\n\t\t\t\t<div class=\"elementor-widget-container\">\n\t\t\t\t\t<h2 class=\"elementor-heading-title elementor-size-default\">Preparation of this accessibility statement<\/h2>\t\t\t\t<\/div>\n\t\t\t\t<\/div>\n\t\t\t\t<div class=\"elementor-element elementor-element-4510a86 elementor-widget elementor-widget-text-editor\" data-id=\"4510a86\" data-element_type=\"widget\" data-e-type=\"widget\" data-widget_type=\"text-editor.default\">\n\t\t\t\t<div class=\"elementor-widget-container\">\n\t\t\t\t\t\t\t\t\t<p>This declaration was created manually on 24.09.2025.<\/p><p>The criteria of the BITV\/WCAG in force at the time of the test were tested in 92 steps.<\/p>\t\t\t\t\t\t\t\t<\/div>\n\t\t\t\t<\/div>\n\t\t<div class=\"elementor-element elementor-element-b26e04c e-grid e-con-full e-con e-child\" data-id=\"b26e04c\" data-element_type=\"container\" data-e-type=\"container\">\n\t\t\t\t<div class=\"elementor-element elementor-element-2509972 elementor-widget elementor-widget-text-editor\" data-id=\"2509972\" data-element_type=\"widget\" data-e-type=\"widget\" data-widget_type=\"text-editor.default\">\n\t\t\t\t<div class=\"elementor-widget-container\">\n\t\t\t\t\t\t\t\t\t<p><strong>Audited by:<\/strong><br>WebReDevelopers<br>Alttrachau 46<br>01139 Dresden<\/p>\t\t\t\t\t\t\t\t<\/div>\n\t\t\t\t<\/div>\n\t\t\t\t<div class=\"elementor-element elementor-element-436e51f elementor-widget elementor-widget-text-editor\" data-id=\"436e51f\" data-element_type=\"widget\" data-e-type=\"widget\" data-widget_type=\"text-editor.default\">\n\t\t\t\t<div class=\"elementor-widget-container\">\n\t\t\t\t\t\t\t\t\t<p><strong>Test object<\/strong><br>Information page of PACE Paparazzi Catering &amp; Event GmbH<\/p>\t\t\t\t\t\t\t\t<\/div>\n\t\t\t\t<\/div>\n\t\t\t\t<div class=\"elementor-element elementor-element-a4368e9 elementor-widget elementor-widget-text-editor\" data-id=\"a4368e9\" data-element_type=\"widget\" data-e-type=\"widget\" data-widget_type=\"text-editor.default\">\n\t\t\t\t<div class=\"elementor-widget-container\">\n\t\t\t\t\t\t\t\t\t<p><strong>Pages examined:<\/strong><\/p><p>Homepage<br>Subpages<\/p>\t\t\t\t\t\t\t\t<\/div>\n\t\t\t\t<\/div>\n\t\t\t\t<div class=\"elementor-element elementor-element-398abc8 elementor-widget elementor-widget-text-editor\" data-id=\"398abc8\" data-element_type=\"widget\" data-e-type=\"widget\" data-widget_type=\"text-editor.default\">\n\t\t\t\t<div class=\"elementor-widget-container\">\n\t\t\t\t\t\t\t\t\t<p><strong>Test period<\/strong><\/p><p>01.08.2024 until 24.09.2025<\/p>\t\t\t\t\t\t\t\t<\/div>\n\t\t\t\t<\/div>\n\t\t\t\t<\/div>\n\t\t\t\t<div class=\"elementor-element elementor-element-29a2b79 elementor-widget elementor-widget-heading\" data-id=\"29a2b79\" data-element_type=\"widget\" data-e-type=\"widget\" data-widget_type=\"heading.default\">\n\t\t\t\t<div class=\"elementor-widget-container\">\n\t\t\t\t\t<h2 class=\"elementor-heading-title elementor-size-default\">Feedback and contact details<\/h2>\t\t\t\t<\/div>\n\t\t\t\t<\/div>\n\t\t\t\t<div class=\"elementor-element elementor-element-9cae626 elementor-widget elementor-widget-text-editor\" data-id=\"9cae626\" data-element_type=\"widget\" data-e-type=\"widget\" data-widget_type=\"text-editor.default\">\n\t\t\t\t<div class=\"elementor-widget-container\">\n\t\t\t\t\t\t\t\t\t<p>You can report any deficiencies with regard to compliance with the accessibility requirements to us at info@pace.berlin<\/p><p>Information on content exempt from the application of the Directive can be found at <a href=\"mailto:info@pace.berlin\">info@pace.berlin<\/a>.<\/p><p>Responsible for barrier-free accessibility and the processing of messages received via the feedback mechanism:<\/p><p>PACE Paparazzi Catering &amp; Event GmbH<br><span style=\"color: var( --e-global-color-text ); text-align: var(--text-align); background-color: var( --e-global-color-6fc9c30 ); font-size: 1rem;\">Axel-Springer-Stra\u00dfe 65<br><\/span><span style=\"color: var( --e-global-color-text ); text-align: var(--text-align); background-color: var( --e-global-color-6fc9c30 ); font-size: 1rem;\">10888 Berlin<\/span><\/p>\t\t\t\t\t\t\t\t<\/div>\n\t\t\t\t<\/div>\n\t\t\t\t<div class=\"elementor-element elementor-element-b2dbf65 elementor-widget elementor-widget-heading\" data-id=\"b2dbf65\" data-element_type=\"widget\" data-e-type=\"widget\" data-widget_type=\"heading.default\">\n\t\t\t\t<div class=\"elementor-widget-container\">\n\t\t\t\t\t<h2 class=\"elementor-heading-title elementor-size-default\">Enforcement proceedings<\/h2>\t\t\t\t<\/div>\n\t\t\t\t<\/div>\n\t\t\t\t<div class=\"elementor-element elementor-element-1d794e2 elementor-widget elementor-widget-text-editor\" data-id=\"1d794e2\" data-element_type=\"widget\" data-e-type=\"widget\" data-widget_type=\"text-editor.default\">\n\t\t\t\t<div class=\"elementor-widget-container\">\n\t\t\t\t\t\t\t\t\t<p>As part of an enforcement procedure, you have the option of submitting an application to the Enforcement Body: State Commissioner for Digital Accessibility Berlin to check compliance with accessibility requirements.<\/p><p>Contact details of the enforcement body<\/p><p>State Commissioner for Digital Accessibility<br>J\u00fcdenstra\u00dfe 1, 10178 Berlin<br>Office building:<br>Martin-Hoffmann-Stra\u00dfe 16, 12435 Berlin<\/p><p>E-Mail: Digitale-Barrierefreiheit@senatskanzlei.berlin.de<br>Internet: <a href=\"https:\/\/www.berlin.de\/lb\/digitale-barrierefreiheit\/\">https:\/\/www.berlin.de\/lb\/digitale-barrierefreiheit\/<\/a> (opens in new window)<\/p><p>Conciliation procedure<\/p><p>If no satisfactory solution has been found after your feedback to the above-mentioned contact, you can contact the arbitration board in accordance with Section 16 of the Disability Equality Act (BGG). The Arbitration Board BGG has the task of supporting out-of-court dispute resolution in the event of conflicts between people with disabilities and federal public bodies on the subject of accessibility. The conciliation procedure is free of charge. No legal assistance is required. Further information on the conciliation procedure and the options for submitting an application can be found at: www.schlichtungsstelle-bgg.de (opens in new window).    <\/p><p>You can contact the BGG conciliation body directly at info@schlichtungsstelle-bgg.de<\/p>\t\t\t\t\t\t\t\t<\/div>\n\t\t\t\t<\/div>\n\t\t\t\t<div class=\"elementor-element elementor-element-b699146 elementor-widget elementor-widget-heading\" data-id=\"b699146\" data-element_type=\"widget\" data-e-type=\"widget\" data-widget_type=\"heading.default\">\n\t\t\t\t<div class=\"elementor-widget-container\">\n\t\t\t\t\t<h2 class=\"elementor-heading-title elementor-size-default\">Contact details of the enforcement body<\/h2>\t\t\t\t<\/div>\n\t\t\t\t<\/div>\n\t\t\t\t<div class=\"elementor-element elementor-element-47ea953 elementor-widget elementor-widget-text-editor\" data-id=\"47ea953\" data-element_type=\"widget\" data-e-type=\"widget\" data-widget_type=\"text-editor.default\">\n\t\t\t\t<div class=\"elementor-widget-container\">\n\t\t\t\t\t\t\t\t\t<p>State Commissioner for Digital Accessibility<br>J\u00fcdenstra\u00dfe 1, 10178 Berlin<br>Office building:<br>Martin-Hoffmann-Stra\u00dfe 16, 12435 Berlin<\/p><p>E-Mail: Digitale-Barrierefreiheit@senatskanzlei.berlin.de<br>Internet: <a href=\"https:\/\/www.berlin.de\/lb\/digitale-barrierefreiheit\/\">https:\/\/www.berlin.de\/lb\/digitale-barrierefreiheit\/ <\/a>(opens in new window)<\/p>\t\t\t\t\t\t\t\t<\/div>\n\t\t\t\t<\/div>\n\t\t\t\t<div class=\"elementor-element elementor-element-410c24e elementor-widget elementor-widget-heading\" data-id=\"410c24e\" data-element_type=\"widget\" data-e-type=\"widget\" data-widget_type=\"heading.default\">\n\t\t\t\t<div class=\"elementor-widget-container\">\n\t\t\t\t\t<h2 class=\"elementor-heading-title elementor-size-default\">Conciliation procedure<\/h2>\t\t\t\t<\/div>\n\t\t\t\t<\/div>\n\t\t\t\t<div class=\"elementor-element elementor-element-bb86247 elementor-widget elementor-widget-text-editor\" data-id=\"bb86247\" data-element_type=\"widget\" data-e-type=\"widget\" data-widget_type=\"text-editor.default\">\n\t\t\t\t<div class=\"elementor-widget-container\">\n\t\t\t\t\t\t\t\t\t<p>If no satisfactory solution has been found after your feedback to the above-mentioned contact, you can contact the arbitration board in accordance with Section 16 of the Disability Equality Act (BGG). The Arbitration Board BGG has the task of supporting out-of-court dispute resolution in the event of conflicts between people with disabilities and federal public bodies on the subject of accessibility. The conciliation procedure is free of charge. No legal assistance is required. Further information on the conciliation procedure and the options for submitting an application can be found at: <a href=\"http:\/\/www.schlichtungsstelle-bgg.de\" target=\"_blank\" rel=\"noopener\">www.schlichtungsstelle-bgg.de.<\/a>    <\/p><p>You can contact the BGG conciliation body directly at <a href=\"mailto:info@schlichtungsstelle-bgg.de\">info@schlichtungsstelle-bgg.de<\/a><\/p>\t\t\t\t\t\t\t\t<\/div>\n\t\t\t\t<\/div>\n\t\t\t\t\t<\/div>\n\t\t\t\t<\/div>\n\t\t<div class=\"elementor-element elementor-element-c52c3d0 e-flex e-con-boxed e-con e-parent\" data-id=\"c52c3d0\" data-element_type=\"container\" data-e-type=\"container\">\n\t\t\t\t\t<div class=\"e-con-inner\">\n\t\t\t\t\t<\/div>\n\t\t\t\t<\/div>\n\t\t\t\t<\/div>\n\t\t","protected":false},"excerpt":{"rendered":"<p>Declaration on accessibility PACE Paparazzi Catering &amp; Event GmbH endeavors to make its websites accessible in accordance with the regulations applicable in Berlin, e.g. &#8220;Barrier-free Information Technology Ordinance (BITV 2.0)&#8221; or &#8220;Barrier-free Information Technology Directive of the State of Berlin&#8221;. This declaration on accessibility applies to https:\/\/pace.berlin\/ Status of compatibility with the requirements This website [&hellip;]<\/p>\n","protected":false},"author":1,"featured_media":0,"parent":0,"menu_order":0,"comment_status":"closed","ping_status":"closed","template":"","meta":{"footnotes":""},"categories":[],"class_list":["post-3684","page","type-page","status-publish","hentry"],"yoast_head":"<!-- This site is optimized with the Yoast SEO plugin v27.4 - https:\/\/yoast.com\/product\/yoast-seo-wordpress\/ -->\n<title>Declaration on accessibility - events by Pace<\/title>\n<meta name=\"robots\" content=\"index, follow, max-snippet:-1, max-image-preview:large, max-video-preview:-1\" \/>\n<link rel=\"canonical\" href=\"https:\/\/pace.berlin\/events\/en\/declaration-on-accessibility\/\" \/>\n<meta property=\"og:locale\" content=\"en_US\" \/>\n<meta property=\"og:type\" content=\"article\" \/>\n<meta property=\"og:title\" content=\"Declaration on accessibility - events by Pace\" \/>\n<meta property=\"og:description\" content=\"Declaration on accessibility PACE Paparazzi Catering &amp; Event GmbH endeavors to make its websites accessible in accordance with the regulations applicable in Berlin, e.g. &#8220;Barrier-free Information Technology Ordinance (BITV 2.0)&#8221; or &#8220;Barrier-free Information Technology Directive of the State of Berlin&#8221;. This declaration on accessibility applies to https:\/\/pace.berlin\/ Status of compatibility with the requirements This website [&hellip;]\" \/>\n<meta property=\"og:url\" content=\"https:\/\/pace.berlin\/events\/en\/declaration-on-accessibility\/\" \/>\n<meta property=\"og:site_name\" content=\"events by Pace\" \/>\n<meta property=\"article:modified_time\" content=\"2025-09-25T12:27:55+00:00\" \/>\n<meta name=\"twitter:card\" content=\"summary_large_image\" \/>\n<meta name=\"twitter:label1\" content=\"Est. reading time\" \/>\n\t<meta name=\"twitter:data1\" content=\"3 minutes\" \/>\n<script type=\"application\/ld+json\" class=\"yoast-schema-graph\">{\"@context\":\"https:\\\/\\\/schema.org\",\"@graph\":[{\"@type\":\"WebPage\",\"@id\":\"https:\\\/\\\/pace.berlin\\\/events\\\/en\\\/declaration-on-accessibility\\\/\",\"url\":\"https:\\\/\\\/pace.berlin\\\/events\\\/en\\\/declaration-on-accessibility\\\/\",\"name\":\"Declaration on accessibility - events by Pace\",\"isPartOf\":{\"@id\":\"https:\\\/\\\/pace.berlin\\\/events\\\/#website\"},\"datePublished\":\"2025-09-23T22:08:09+00:00\",\"dateModified\":\"2025-09-25T12:27:55+00:00\",\"inLanguage\":\"en-US\",\"potentialAction\":[{\"@type\":\"ReadAction\",\"target\":[\"https:\\\/\\\/pace.berlin\\\/events\\\/en\\\/declaration-on-accessibility\\\/\"]}]},{\"@type\":\"WebSite\",\"@id\":\"https:\\\/\\\/pace.berlin\\\/events\\\/#website\",\"url\":\"https:\\\/\\\/pace.berlin\\\/events\\\/\",\"name\":\"events by Pace\",\"description\":\"Wenn Events, dann mit uns\",\"potentialAction\":[{\"@type\":\"SearchAction\",\"target\":{\"@type\":\"EntryPoint\",\"urlTemplate\":\"https:\\\/\\\/pace.berlin\\\/events\\\/?s={search_term_string}\"},\"query-input\":{\"@type\":\"PropertyValueSpecification\",\"valueRequired\":true,\"valueName\":\"search_term_string\"}}],\"inLanguage\":\"en-US\"}]}<\/script>\n<!-- \/ Yoast SEO plugin. -->","yoast_head_json":{"title":"Declaration on accessibility - events by Pace","robots":{"index":"index","follow":"follow","max-snippet":"max-snippet:-1","max-image-preview":"max-image-preview:large","max-video-preview":"max-video-preview:-1"},"canonical":"https:\/\/pace.berlin\/events\/en\/declaration-on-accessibility\/","og_locale":"en_US","og_type":"article","og_title":"Declaration on accessibility - events by Pace","og_description":"Declaration on accessibility PACE Paparazzi Catering &amp; Event GmbH endeavors to make its websites accessible in accordance with the regulations applicable in Berlin, e.g. &#8220;Barrier-free Information Technology Ordinance (BITV 2.0)&#8221; or &#8220;Barrier-free Information Technology Directive of the State of Berlin&#8221;. This declaration on accessibility applies to https:\/\/pace.berlin\/ Status of compatibility with the requirements This website [&hellip;]","og_url":"https:\/\/pace.berlin\/events\/en\/declaration-on-accessibility\/","og_site_name":"events by Pace","article_modified_time":"2025-09-25T12:27:55+00:00","twitter_card":"summary_large_image","twitter_misc":{"Est. reading time":"3 minutes"},"schema":{"@context":"https:\/\/schema.org","@graph":[{"@type":"WebPage","@id":"https:\/\/pace.berlin\/events\/en\/declaration-on-accessibility\/","url":"https:\/\/pace.berlin\/events\/en\/declaration-on-accessibility\/","name":"Declaration on accessibility - events by Pace","isPartOf":{"@id":"https:\/\/pace.berlin\/events\/#website"},"datePublished":"2025-09-23T22:08:09+00:00","dateModified":"2025-09-25T12:27:55+00:00","inLanguage":"en-US","potentialAction":[{"@type":"ReadAction","target":["https:\/\/pace.berlin\/events\/en\/declaration-on-accessibility\/"]}]},{"@type":"WebSite","@id":"https:\/\/pace.berlin\/events\/#website","url":"https:\/\/pace.berlin\/events\/","name":"events by Pace","description":"Wenn Events, dann mit uns","potentialAction":[{"@type":"SearchAction","target":{"@type":"EntryPoint","urlTemplate":"https:\/\/pace.berlin\/events\/?s={search_term_string}"},"query-input":{"@type":"PropertyValueSpecification","valueRequired":true,"valueName":"search_term_string"}}],"inLanguage":"en-US"}]}},"_links":{"self":[{"href":"https:\/\/pace.berlin\/events\/en\/wp-json\/wp\/v2\/pages\/3684","targetHints":{"allow":["GET"]}}],"collection":[{"href":"https:\/\/pace.berlin\/events\/en\/wp-json\/wp\/v2\/pages"}],"about":[{"href":"https:\/\/pace.berlin\/events\/en\/wp-json\/wp\/v2\/types\/page"}],"author":[{"embeddable":true,"href":"https:\/\/pace.berlin\/events\/en\/wp-json\/wp\/v2\/users\/1"}],"replies":[{"embeddable":true,"href":"https:\/\/pace.berlin\/events\/en\/wp-json\/wp\/v2\/comments?post=3684"}],"version-history":[{"count":1,"href":"https:\/\/pace.berlin\/events\/en\/wp-json\/wp\/v2\/pages\/3684\/revisions"}],"predecessor-version":[{"id":3685,"href":"https:\/\/pace.berlin\/events\/en\/wp-json\/wp\/v2\/pages\/3684\/revisions\/3685"}],"wp:attachment":[{"href":"https:\/\/pace.berlin\/events\/en\/wp-json\/wp\/v2\/media?parent=3684"}],"wp:term":[{"taxonomy":"category","embeddable":true,"href":"https:\/\/pace.berlin\/events\/en\/wp-json\/wp\/v2\/categories?post=3684"}],"curies":[{"name":"wp","href":"https:\/\/api.w.org\/{rel}","templated":true}]}}