{"id":4850,"date":"2025-08-31T21:49:08","date_gmt":"2025-08-31T19:49:08","guid":{"rendered":"https:\/\/staging.pace.berlin\/opening-hours\/"},"modified":"2025-12-16T14:06:50","modified_gmt":"2025-12-16T13:06:50","slug":"opening-hours","status":"publish","type":"page","link":"https:\/\/pace.berlin\/en\/catering\/restaurants\/opening-hours\/","title":{"rendered":"Opening hours"},"content":{"rendered":"\t\t<div data-elementor-type=\"wp-page\" data-elementor-id=\"4850\" class=\"elementor elementor-4850 elementor-4069\" data-elementor-post-type=\"page\">\n\t\t\t\t<div class=\"elementor-element elementor-element-48c28554 e-grid e-con-full e-con e-parent\" data-id=\"48c28554\" data-element_type=\"container\" data-e-type=\"container\" data-settings=\"{&quot;background_background&quot;:&quot;classic&quot;}\">\n\t\t<div class=\"elementor-element elementor-element-51175d4f e-grid e-con-boxed e-con e-child\" data-id=\"51175d4f\" data-element_type=\"container\" data-e-type=\"container\" data-settings=\"{&quot;background_background&quot;:&quot;classic&quot;}\">\n\t\t\t\t\t<div class=\"e-con-inner\">\n\t\t\t\t<div class=\"elementor-element elementor-element-23dddd9a elementor-widget elementor-widget-heading\" data-id=\"23dddd9a\" data-element_type=\"widget\" data-e-type=\"widget\" data-widget_type=\"heading.default\">\n\t\t\t\t\t\t\t<h1 class=\"elementor-heading-title elementor-size-default\">Opening hours<\/h1>\t\t\t\t<\/div>\n\t\t\t\t<div class=\"elementor-element elementor-element-272a24a4 elementor-widget elementor-widget-heading\" data-id=\"272a24a4\" data-element_type=\"widget\" data-e-type=\"widget\" data-widget_type=\"heading.default\">\n\t\t\t\t\t\t\t<h1 class=\"elementor-heading-title elementor-size-default\">Our restaurant is open for you!<\/h1>\t\t\t\t<\/div>\n\t\t\t\t\t<\/div>\n\t\t\t\t<\/div>\n\t\t\t\t<\/div>\n\t\t<div class=\"elementor-element elementor-element-346674f1 e-flex e-con-boxed e-con e-parent\" data-id=\"346674f1\" data-element_type=\"container\" data-e-type=\"container\" data-settings=\"{&quot;background_background&quot;:&quot;classic&quot;}\">\n\t\t\t\t\t<div class=\"e-con-inner\">\n\t\t<div class=\"elementor-element elementor-element-8e42c77 e-grid e-con-full e-con e-child\" data-id=\"8e42c77\" data-element_type=\"container\" data-e-type=\"container\">\n\t\t<div class=\"elementor-element elementor-element-af2c099 e-grid e-con-full e-con e-child\" data-id=\"af2c099\" data-element_type=\"container\" data-e-type=\"container\">\n\t\t\t\t<div class=\"elementor-element elementor-element-8923c1c elementor-widget elementor-widget-heading\" data-id=\"8923c1c\" data-element_type=\"widget\" data-e-type=\"widget\" data-widget_type=\"heading.default\">\n\t\t\t\t\t\t\t<h2 class=\"elementor-heading-title elementor-size-default\">x8<\/h2>\t\t\t\t<\/div>\n\t\t\t\t<div class=\"elementor-element elementor-element-b1e8805 elementor-widget elementor-widget-text-editor\" data-id=\"b1e8805\" data-element_type=\"widget\" data-e-type=\"widget\" data-widget_type=\"text-editor.default\">\n\t\t\t\t\t\t\t\t\t\t\t<p>(Formerly Axel Springer Passage)<\/p>\t\t\t\t\t\t\t\t<\/div>\n\t\t\t\t<\/div>\n\t\t<div class=\"elementor-element elementor-element-3ad655c e-grid e-con-full e-con e-child\" data-id=\"3ad655c\" data-element_type=\"container\" data-e-type=\"container\">\n\t\t\t\t<div class=\"elementor-element elementor-element-4ebc409 elementor-widget elementor-widget-heading\" data-id=\"4ebc409\" data-element_type=\"widget\" data-e-type=\"widget\" data-widget_type=\"heading.default\">\n\t\t\t\t\t\t\t<h3 class=\"elementor-heading-title elementor-size-default\">PAPA<\/h3>\t\t\t\t<\/div>\n\t\t\t\t<div class=\"elementor-element elementor-element-b27da8e elementor-widget elementor-widget-text-editor\" data-id=\"b27da8e\" data-element_type=\"widget\" data-e-type=\"widget\" data-widget_type=\"text-editor.default\">\n\t\t\t\t\t\t\t\t\t\t\t<div id=\"openingtimes-output-papa-69ea856b75955\" class=\"my-plugin-output\" data-lang=\"en\" data-outlet=\"papa\"><\/div><p> <\/p><p>X8 (formerly Axel-Springer-Passage)<br>Zimmerstra\u00dfe 30<br>10969 Berlin<\/p><p><a href=\"https:\/\/pace.berlin\/en\/catering\/restaurants\/papa\/\"><strong>PAPA detail page<\/strong><\/a><\/p>\t\t\t\t\t\t\t\t<\/div>\n\t\t\t\t<\/div>\n\t\t\t\t<\/div>\n\t\t<div class=\"elementor-element elementor-element-37c7fa3a e-grid e-con-full e-con e-child\" data-id=\"37c7fa3a\" data-element_type=\"container\" data-e-type=\"container\">\n\t\t\t\t<div class=\"elementor-element elementor-element-b4eed8d elementor-widget elementor-widget-heading\" data-id=\"b4eed8d\" data-element_type=\"widget\" data-e-type=\"widget\" data-widget_type=\"heading.default\">\n\t\t\t\t\t\t\t<h3 class=\"elementor-heading-title elementor-size-default\">NOTE<\/h3>\t\t\t\t<\/div>\n\t\t\t\t<div class=\"elementor-element elementor-element-24cfea2c elementor-widget elementor-widget-text-editor\" data-id=\"24cfea2c\" data-element_type=\"widget\" data-e-type=\"widget\" data-settings=\"{&quot;motion_fx_motion_fx_scrolling&quot;:&quot;yes&quot;,&quot;motion_fx_devices&quot;:[&quot;desktop&quot;,&quot;tablet&quot;,&quot;mobile&quot;]}\" data-widget_type=\"text-editor.default\">\n\t\t\t\t\t\t\t\t\t\t\t<section><div class=\"container\"><div class=\"row\"><div class=\"col-xl-10 offset-xl-1 col-lg-12\"><div class=\"vc_row wpb_row vc_row-fluid vc_row-o-equal-height vc_row-flex\"><div class=\"wpb_column vc_column_container vc_col-sm-6\"><div class=\"vc_column-inner\"><div class=\"wpb_wrapper\"><div class=\"wpb_text_column wpb_content_element \"><div class=\"wpb_wrapper\"><p>Das PAPA empf\u00e4ngt auch externe G\u00e4ste.<br>Der Zugang zu den anderen Outlets ist ausschlie\u00dflich Mitarbeiterinnen und Mitarbeitern der Axel Springer SE vorbehalten.\u200b<\/p><\/div><\/div><\/div><\/div><\/div><\/div><\/div><\/div><\/div><\/section>\t\t\t\t\t\t\t\t<\/div>\n\t\t\t\t<\/div>\n\t\t\t\t\t<\/div>\n\t\t\t\t<\/div>\n\t\t<div class=\"elementor-element elementor-element-1f597a4 e-flex e-con-boxed e-con e-parent\" data-id=\"1f597a4\" data-element_type=\"container\" data-e-type=\"container\">\n\t\t\t\t\t<div class=\"e-con-inner\">\n\t\t<div class=\"elementor-element elementor-element-6ba9449 e-grid e-con-full e-con e-child\" data-id=\"6ba9449\" data-element_type=\"container\" data-e-type=\"container\">\n\t\t<div class=\"elementor-element elementor-element-54d8541 e-grid e-con-full e-con e-child\" data-id=\"54d8541\" data-element_type=\"container\" data-e-type=\"container\">\n\t\t\t\t<div class=\"elementor-element elementor-element-f392979 elementor-widget elementor-widget-heading\" data-id=\"f392979\" data-element_type=\"widget\" data-e-type=\"widget\" data-widget_type=\"heading.default\">\n\t\t\t\t\t\t\t<h2 class=\"elementor-heading-title elementor-size-default\">Axel Springer high-rise<\/h2>\t\t\t\t<\/div>\n\t\t\t\t<div class=\"elementor-element elementor-element-7abad3b elementor-widget elementor-widget-text-editor\" data-id=\"7abad3b\" data-element_type=\"widget\" data-e-type=\"widget\" data-widget_type=\"text-editor.default\">\n\t\t\t\t\t\t<\/div>\n\t\t\t\t<\/div>\n\t\t<div class=\"elementor-element elementor-element-7a1cebe e-grid e-con-full e-con e-child\" data-id=\"7a1cebe\" data-element_type=\"container\" data-e-type=\"container\">\n\t\t\t\t<div class=\"elementor-element elementor-element-c2bec98 elementor-widget elementor-widget-heading\" data-id=\"c2bec98\" data-element_type=\"widget\" data-e-type=\"widget\" data-widget_type=\"heading.default\">\n\t\t\t\t\t\t\t<h3 class=\"elementor-heading-title elementor-size-default\">journalistenclub<\/h3>\t\t\t\t<\/div>\n\t\t\t\t<div class=\"elementor-element elementor-element-35747d1 elementor-widget elementor-widget-text-editor\" data-id=\"35747d1\" data-element_type=\"widget\" data-e-type=\"widget\" data-widget_type=\"text-editor.default\">\n\t\t\t\t\t\t\t\t\t\t\t<div id=\"openingtimes-output-journalistenclub-69ea856b77056\" class=\"my-plugin-output\" data-lang=\"en\" data-outlet=\"journalistenclub\"><\/div><p> <\/p><p><a href=\"https:\/\/pace.berlin\/en\/catering\/restaurants\/journalistenclub\/\"><strong>JOURNALISTENCLUB detail page<\/strong><\/a><\/p>\t\t\t\t\t\t\t\t<\/div>\n\t\t\t\t<\/div>\n\t\t\t\t<\/div>\n\t\t\t\t\t<\/div>\n\t\t\t\t<\/div>\n\t\t<div class=\"elementor-element elementor-element-bc92351 e-flex e-con-boxed e-con e-parent\" data-id=\"bc92351\" data-element_type=\"container\" data-e-type=\"container\" data-settings=\"{&quot;background_background&quot;:&quot;classic&quot;}\">\n\t\t\t\t\t<div class=\"e-con-inner\">\n\t\t<div class=\"elementor-element elementor-element-da39411 e-grid e-con-full e-con e-child\" data-id=\"da39411\" data-element_type=\"container\" data-e-type=\"container\">\n\t\t\t\t<div class=\"elementor-element elementor-element-f66d196 elementor-widget elementor-widget-heading\" data-id=\"f66d196\" data-element_type=\"widget\" data-e-type=\"widget\" data-widget_type=\"heading.default\">\n\t\t\t\t\t\t\t<h2 class=\"elementor-heading-title elementor-size-default\">Axel Springer New Building<\/h2>\t\t\t\t<\/div>\n\t\t<div class=\"elementor-element elementor-element-9fca83f e-grid e-con-full e-con e-child\" data-id=\"9fca83f\" data-element_type=\"container\" data-e-type=\"container\">\n\t\t<div class=\"elementor-element elementor-element-0543c34 e-grid e-con-full e-con e-child\" data-id=\"0543c34\" data-element_type=\"container\" data-e-type=\"container\">\n\t\t\t\t<div class=\"elementor-element elementor-element-b3d50bc elementor-widget elementor-widget-heading\" data-id=\"b3d50bc\" data-element_type=\"widget\" data-e-type=\"widget\" data-widget_type=\"heading.default\">\n\t\t\t\t\t\t\t<h3 class=\"elementor-heading-title elementor-size-default\">rem<\/h3>\t\t\t\t<\/div>\n\t\t\t\t<div class=\"elementor-element elementor-element-f617a28 elementor-widget elementor-widget-text-editor\" data-id=\"f617a28\" data-element_type=\"widget\" data-e-type=\"widget\" data-widget_type=\"text-editor.default\">\n\t\t\t\t\t\t\t\t\t\t\t<div id=\"openingtimes-output-rem-69ea856b7775a\" class=\"my-plugin-output\" data-lang=\"en\" data-outlet=\"rem\"><\/div><p> <\/p><p><a href=\"https:\/\/pace.berlin\/en\/catering\/restaurants\/rem\/\"><strong>REM detail page<\/strong><\/a><\/p>\t\t\t\t\t\t\t\t<\/div>\n\t\t\t\t<\/div>\n\t\t<div class=\"elementor-element elementor-element-bf20b60 e-grid e-con-full e-con e-child\" data-id=\"bf20b60\" data-element_type=\"container\" data-e-type=\"container\">\n\t\t\t\t<div class=\"elementor-element elementor-element-f666640 elementor-widget elementor-widget-heading\" data-id=\"f666640\" data-element_type=\"widget\" data-e-type=\"widget\" data-widget_type=\"heading.default\">\n\t\t\t\t\t\t\t<h3 class=\"elementor-heading-title elementor-size-default\">CANTEEN<\/h3>\t\t\t\t<\/div>\n\t\t\t\t<div class=\"elementor-element elementor-element-de87a52 elementor-widget elementor-widget-text-editor\" data-id=\"de87a52\" data-element_type=\"widget\" data-e-type=\"widget\" data-widget_type=\"text-editor.default\">\n\t\t\t\t\t\t\t\t\t\t\t<div id=\"openingtimes-output-canteen-69ea856b77d28\" class=\"my-plugin-output\" data-lang=\"en\" data-outlet=\"canteen\"><\/div><p> <\/p><p><strong><a href=\"https:\/\/pace.berlin\/en\/catering\/restaurants\/canteen\/\">CANTEEN detail page<\/a><\/strong><\/p>\t\t\t\t\t\t\t\t<\/div>\n\t\t\t\t<\/div>\n\t\t<div class=\"elementor-element elementor-element-95bf8b7 e-grid e-con-full e-con e-child\" data-id=\"95bf8b7\" data-element_type=\"container\" data-e-type=\"container\">\n\t\t\t\t<div class=\"elementor-element elementor-element-54788c3 elementor-widget elementor-widget-heading\" data-id=\"54788c3\" data-element_type=\"widget\" data-e-type=\"widget\" data-widget_type=\"heading.default\">\n\t\t\t\t\t\t\t<h3 class=\"elementor-heading-title elementor-size-default\">kitchen<\/h3>\t\t\t\t<\/div>\n\t\t\t\t<div class=\"elementor-element elementor-element-6b5fc35 elementor-widget elementor-widget-text-editor\" data-id=\"6b5fc35\" data-element_type=\"widget\" data-e-type=\"widget\" data-widget_type=\"text-editor.default\">\n\t\t\t\t\t\t\t\t\t\t\t<div id=\"openingtimes-output-kitchen-69ea856b782a1\" class=\"my-plugin-output\" data-lang=\"en\" data-outlet=\"kitchen\"><\/div><p> <\/p><p><strong><a href=\"https:\/\/pace.berlin\/en\/catering\/restaurants\/kitchen\/\">KITCHEN detail page<\/a><\/strong><\/p>\t\t\t\t\t\t\t\t<\/div>\n\t\t\t\t<\/div>\n\t\t<div class=\"elementor-element elementor-element-0629608 e-grid e-con-full e-con e-child\" data-id=\"0629608\" data-element_type=\"container\" data-e-type=\"container\">\n\t\t\t\t<div class=\"elementor-element elementor-element-38e360e elementor-widget elementor-widget-heading\" data-id=\"38e360e\" data-element_type=\"widget\" data-e-type=\"widget\" data-widget_type=\"heading.default\">\n\t\t\t\t\t\t\t<h3 class=\"elementor-heading-title elementor-size-default\">CAFE<\/h3>\t\t\t\t<\/div>\n\t\t\t\t<div class=\"elementor-element elementor-element-34a3441 elementor-widget elementor-widget-text-editor\" data-id=\"34a3441\" data-element_type=\"widget\" data-e-type=\"widget\" data-widget_type=\"text-editor.default\">\n\t\t\t\t\t\t\t\t\t\t\t<div id=\"openingtimes-output-cafe-69ea856b788b1\" class=\"my-plugin-output\" data-lang=\"en\" data-outlet=\"cafe\"><\/div><p> <\/p><p><strong><a href=\"https:\/\/pace.berlin\/en\/catering\/restaurants\/cafe-2\/\">CAFE detail page<\/a><\/strong><\/p>\t\t\t\t\t\t\t\t<\/div>\n\t\t\t\t<\/div>\n\t\t<div class=\"elementor-element elementor-element-e42daae e-grid e-con-full e-con e-child\" data-id=\"e42daae\" data-element_type=\"container\" data-e-type=\"container\">\n\t\t\t\t<div class=\"elementor-element elementor-element-0730ede elementor-widget elementor-widget-heading\" data-id=\"0730ede\" data-element_type=\"widget\" data-e-type=\"widget\" data-widget_type=\"heading.default\">\n\t\t\t\t\t\t\t<h3 class=\"elementor-heading-title elementor-size-default\">DELI<\/h3>\t\t\t\t<\/div>\n\t\t\t\t<div class=\"elementor-element elementor-element-ef14501 elementor-widget elementor-widget-text-editor\" data-id=\"ef14501\" data-element_type=\"widget\" data-e-type=\"widget\" data-widget_type=\"text-editor.default\">\n\t\t\t\t\t\t\t\t\t\t\t<div id=\"openingtimes-output-deli-69ea856b78e46\" class=\"my-plugin-output\" data-lang=\"en\" data-outlet=\"deli\"><\/div><p> <\/p><p><strong><a href=\"https:\/\/pace.berlin\/en\/catering\/restaurants\/deli\/\">DELI detail page<\/a><\/strong><\/p>\t\t\t\t\t\t\t\t<\/div>\n\t\t\t\t<\/div>\n\t\t\t\t<\/div>\n\t\t\t\t<\/div>\n\t\t\t\t\t<\/div>\n\t\t\t\t<\/div>\n\t\t<div class=\"elementor-element elementor-element-652ce4ae e-con-full e-flex e-con e-parent\" data-id=\"652ce4ae\" data-element_type=\"container\" data-e-type=\"container\" data-settings=\"{&quot;background_background&quot;:&quot;classic&quot;,&quot;motion_fx_motion_fx_scrolling&quot;:&quot;yes&quot;,&quot;motion_fx_devices&quot;:[&quot;desktop&quot;,&quot;tablet&quot;,&quot;mobile&quot;]}\">\n\t\t\t\t<\/div>\n\t\t<div class=\"elementor-element elementor-element-2e910ebc e-grid e-con-full e-con e-parent\" data-id=\"2e910ebc\" data-element_type=\"container\" data-e-type=\"container\" data-settings=\"{&quot;background_background&quot;:&quot;classic&quot;}\">\n\t\t\t\t<div class=\"elementor-element elementor-element-d09ecf8 elementor-widget elementor-widget-template\" data-id=\"d09ecf8\" data-element_type=\"widget\" data-e-type=\"widget\" data-widget_type=\"template.default\">\n\t\t\t\t\t\t<div class=\"elementor-widget-container\">\n\t\t\t\t\t\t\t<div class=\"elementor-template\">\n\t\t\t\t\t<div data-elementor-type=\"container\" data-elementor-id=\"5372\" class=\"elementor elementor-5372 elementor-402 elementor-402\" data-elementor-post-type=\"elementor_library\">\n\t\t\t\t<div class=\"elementor-element elementor-element-102c58d e-grid e-con-full e-con e-parent\" data-id=\"102c58d\" data-element_type=\"container\" data-e-type=\"container\" data-settings=\"{&quot;background_background&quot;:&quot;classic&quot;}\">\n\t\t\t\t<div class=\"elementor-element elementor-element-7c437ab5 elementor-widget elementor-widget-heading\" data-id=\"7c437ab5\" data-element_type=\"widget\" data-e-type=\"widget\" data-widget_type=\"heading.default\">\n\t\t\t\t\t\t\t<h2 class=\"elementor-heading-title elementor-size-default\"><a href=\"https:\/\/jobs.smartrecruiters.com\/oneclick-ui\/company\/PACEPaparazziCateringEventGmbH\/job\/1862278426?lang=de&#038;sid=\"><span><u>Join<\/u><\/span> the Team<\/a><\/h2>\t\t\t\t<\/div>\n\t\t\t\t<div class=\"elementor-element elementor-element-494f1ae2 elementor-widget elementor-widget-text-editor\" data-id=\"494f1ae2\" data-element_type=\"widget\" data-e-type=\"widget\" data-widget_type=\"text-editor.default\">\n\t\t\t\t\t\t\t\t\t\t\t<p>Apprentices, interns, chefs, service staff, kitchen assistants, cashiers, controllers, buyers, HR specialists and IT experts all work here. <strong>Only you are missing!<\/strong><\/p>\t\t\t\t\t\t\t\t<\/div>\n\t\t\t\t<\/div>\n\t\t\t\t<\/div>\n\t\t\t\t<\/div>\n\t\t\t\t\t\t<\/div>\n\t\t\t\t<\/div>\n\t\t\t\t<\/div>\n\t\t\t\t<\/div>\n\t\t","protected":false},"excerpt":{"rendered":"<p>Opening hours Our restaurant is open for you! x8 (Formerly Axel Springer Passage) PAPA X8 (formerly Axel-Springer-Passage)Zimmerstra\u00dfe 3010969 Berlin PAPA detail page NOTE Das PAPA empf\u00e4ngt auch externe G\u00e4ste.Der Zugang zu den anderen Outlets ist ausschlie\u00dflich Mitarbeiterinnen und Mitarbeitern der Axel Springer SE vorbehalten.\u200b Axel Springer high-rise journalistenclub JOURNALISTENCLUB detail page Axel Springer New Building [&hellip;]<\/p>\n","protected":false},"author":2,"featured_media":0,"parent":1551,"menu_order":0,"comment_status":"closed","ping_status":"closed","template":"","meta":{"footnotes":""},"categories":[],"class_list":["post-4850","page","type-page","status-publish","hentry"],"yoast_head":"<!-- This site is optimized with the Yoast SEO plugin v27.4 - https:\/\/yoast.com\/product\/yoast-seo-wordpress\/ -->\n<title>Opening hours - PACE Berlin<\/title>\n<meta name=\"robots\" content=\"index, follow, max-snippet:-1, max-image-preview:large, max-video-preview:-1\" \/>\n<link rel=\"canonical\" href=\"https:\/\/pace.berlin\/en\/catering\/restaurants\/opening-hours\/\" \/>\n<meta property=\"og:locale\" content=\"en_US\" \/>\n<meta property=\"og:type\" content=\"article\" \/>\n<meta property=\"og:title\" content=\"Opening hours - PACE Berlin\" \/>\n<meta property=\"og:description\" content=\"Opening hours Our restaurant is open for you! x8 (Formerly Axel Springer Passage) PAPA X8 (formerly Axel-Springer-Passage)Zimmerstra\u00dfe 3010969 Berlin PAPA detail page NOTE Das PAPA empf\u00e4ngt auch externe G\u00e4ste.Der Zugang zu den anderen Outlets ist ausschlie\u00dflich Mitarbeiterinnen und Mitarbeitern der Axel Springer SE vorbehalten.\u200b Axel Springer high-rise journalistenclub JOURNALISTENCLUB detail page Axel Springer New Building [&hellip;]\" \/>\n<meta property=\"og:url\" content=\"https:\/\/pace.berlin\/en\/catering\/restaurants\/opening-hours\/\" \/>\n<meta property=\"og:site_name\" content=\"PACE Berlin\" \/>\n<meta property=\"article:modified_time\" content=\"2025-12-16T13:06:50+00:00\" \/>\n<meta name=\"twitter:card\" content=\"summary_large_image\" \/>\n<meta name=\"twitter:label1\" content=\"Est. reading time\" \/>\n\t<meta name=\"twitter:data1\" content=\"1 minute\" \/>\n<script type=\"application\/ld+json\" class=\"yoast-schema-graph\">{\"@context\":\"https:\\\/\\\/schema.org\",\"@graph\":[{\"@type\":\"WebPage\",\"@id\":\"https:\\\/\\\/pace.berlin\\\/en\\\/catering\\\/restaurants\\\/opening-hours\\\/\",\"url\":\"https:\\\/\\\/pace.berlin\\\/en\\\/catering\\\/restaurants\\\/opening-hours\\\/\",\"name\":\"Opening hours - PACE Berlin\",\"isPartOf\":{\"@id\":\"https:\\\/\\\/pace.berlin\\\/#website\"},\"datePublished\":\"2025-08-31T19:49:08+00:00\",\"dateModified\":\"2025-12-16T13:06:50+00:00\",\"breadcrumb\":{\"@id\":\"https:\\\/\\\/pace.berlin\\\/en\\\/catering\\\/restaurants\\\/opening-hours\\\/#breadcrumb\"},\"inLanguage\":\"en-US\",\"potentialAction\":[{\"@type\":\"ReadAction\",\"target\":[\"https:\\\/\\\/pace.berlin\\\/en\\\/catering\\\/restaurants\\\/opening-hours\\\/\"]}]},{\"@type\":\"BreadcrumbList\",\"@id\":\"https:\\\/\\\/pace.berlin\\\/en\\\/catering\\\/restaurants\\\/opening-hours\\\/#breadcrumb\",\"itemListElement\":[{\"@type\":\"ListItem\",\"position\":1,\"name\":\"Catering\",\"item\":\"https:\\\/\\\/pace.berlin\\\/catering\\\/\"},{\"@type\":\"ListItem\",\"position\":2,\"name\":\"Restaurants\",\"item\":\"https:\\\/\\\/pace.berlin\\\/catering\\\/restaurants\\\/\"},{\"@type\":\"ListItem\",\"position\":3,\"name\":\"Opening hours\"}]},{\"@type\":\"WebSite\",\"@id\":\"https:\\\/\\\/pace.berlin\\\/#website\",\"url\":\"https:\\\/\\\/pace.berlin\\\/\",\"name\":\"PACE Berlin\",\"description\":\"We are pace!  people of Axel Springer creating\u00ad Catering and Events\",\"potentialAction\":[{\"@type\":\"SearchAction\",\"target\":{\"@type\":\"EntryPoint\",\"urlTemplate\":\"https:\\\/\\\/pace.berlin\\\/?s={search_term_string}\"},\"query-input\":{\"@type\":\"PropertyValueSpecification\",\"valueRequired\":true,\"valueName\":\"search_term_string\"}}],\"inLanguage\":\"en-US\"}]}<\/script>\n<!-- \/ Yoast SEO plugin. -->","yoast_head_json":{"title":"Opening hours - PACE Berlin","robots":{"index":"index","follow":"follow","max-snippet":"max-snippet:-1","max-image-preview":"max-image-preview:large","max-video-preview":"max-video-preview:-1"},"canonical":"https:\/\/pace.berlin\/en\/catering\/restaurants\/opening-hours\/","og_locale":"en_US","og_type":"article","og_title":"Opening hours - PACE Berlin","og_description":"Opening hours Our restaurant is open for you! x8 (Formerly Axel Springer Passage) PAPA X8 (formerly Axel-Springer-Passage)Zimmerstra\u00dfe 3010969 Berlin PAPA detail page NOTE Das PAPA empf\u00e4ngt auch externe G\u00e4ste.Der Zugang zu den anderen Outlets ist ausschlie\u00dflich Mitarbeiterinnen und Mitarbeitern der Axel Springer SE vorbehalten.\u200b Axel Springer high-rise journalistenclub JOURNALISTENCLUB detail page Axel Springer New Building [&hellip;]","og_url":"https:\/\/pace.berlin\/en\/catering\/restaurants\/opening-hours\/","og_site_name":"PACE Berlin","article_modified_time":"2025-12-16T13:06:50+00:00","twitter_card":"summary_large_image","twitter_misc":{"Est. reading time":"1 minute"},"schema":{"@context":"https:\/\/schema.org","@graph":[{"@type":"WebPage","@id":"https:\/\/pace.berlin\/en\/catering\/restaurants\/opening-hours\/","url":"https:\/\/pace.berlin\/en\/catering\/restaurants\/opening-hours\/","name":"Opening hours - PACE Berlin","isPartOf":{"@id":"https:\/\/pace.berlin\/#website"},"datePublished":"2025-08-31T19:49:08+00:00","dateModified":"2025-12-16T13:06:50+00:00","breadcrumb":{"@id":"https:\/\/pace.berlin\/en\/catering\/restaurants\/opening-hours\/#breadcrumb"},"inLanguage":"en-US","potentialAction":[{"@type":"ReadAction","target":["https:\/\/pace.berlin\/en\/catering\/restaurants\/opening-hours\/"]}]},{"@type":"BreadcrumbList","@id":"https:\/\/pace.berlin\/en\/catering\/restaurants\/opening-hours\/#breadcrumb","itemListElement":[{"@type":"ListItem","position":1,"name":"Catering","item":"https:\/\/pace.berlin\/catering\/"},{"@type":"ListItem","position":2,"name":"Restaurants","item":"https:\/\/pace.berlin\/catering\/restaurants\/"},{"@type":"ListItem","position":3,"name":"Opening hours"}]},{"@type":"WebSite","@id":"https:\/\/pace.berlin\/#website","url":"https:\/\/pace.berlin\/","name":"PACE Berlin","description":"We are pace!  people of Axel Springer creating\u00ad Catering and Events","potentialAction":[{"@type":"SearchAction","target":{"@type":"EntryPoint","urlTemplate":"https:\/\/pace.berlin\/?s={search_term_string}"},"query-input":{"@type":"PropertyValueSpecification","valueRequired":true,"valueName":"search_term_string"}}],"inLanguage":"en-US"}]}},"_links":{"self":[{"href":"https:\/\/pace.berlin\/en\/wp-json\/wp\/v2\/pages\/4850","targetHints":{"allow":["GET"]}}],"collection":[{"href":"https:\/\/pace.berlin\/en\/wp-json\/wp\/v2\/pages"}],"about":[{"href":"https:\/\/pace.berlin\/en\/wp-json\/wp\/v2\/types\/page"}],"author":[{"embeddable":true,"href":"https:\/\/pace.berlin\/en\/wp-json\/wp\/v2\/users\/2"}],"replies":[{"embeddable":true,"href":"https:\/\/pace.berlin\/en\/wp-json\/wp\/v2\/comments?post=4850"}],"version-history":[{"count":12,"href":"https:\/\/pace.berlin\/en\/wp-json\/wp\/v2\/pages\/4850\/revisions"}],"predecessor-version":[{"id":7178,"href":"https:\/\/pace.berlin\/en\/wp-json\/wp\/v2\/pages\/4850\/revisions\/7178"}],"up":[{"embeddable":true,"href":"https:\/\/pace.berlin\/en\/wp-json\/wp\/v2\/pages\/1551"}],"wp:attachment":[{"href":"https:\/\/pace.berlin\/en\/wp-json\/wp\/v2\/media?parent=4850"}],"wp:term":[{"taxonomy":"category","embeddable":true,"href":"https:\/\/pace.berlin\/en\/wp-json\/wp\/v2\/categories?post=4850"}],"curies":[{"name":"wp","href":"https:\/\/api.w.org\/{rel}","templated":true}]}}